{"id":5672,"date":"2025-09-13T16:27:34","date_gmt":"2025-09-13T14:27:34","guid":{"rendered":"https:\/\/www.bodegasubide.com\/?post_type=product&#038;p=5672"},"modified":"2025-12-01T14:16:44","modified_gmt":"2025-12-01T13:16:44","slug":"ubide-reserva-de-la-familia-estuche-madera-3-bot","status":"publish","type":"product","link":"https:\/\/www.bodegasubide.com\/en\/producto\/ubide-reserva-de-la-familia-estuche-madera-3-bot\/","title":{"rendered":"Ubide Reserva de la Familia &#8211; estuche madera 3 bot."},"content":{"rendered":"<p>A partir de un 90% de uva de la variedad <strong>tempranillo<\/strong> y peque\u00f1as aportaciones de la variedad <strong>mazuelo<\/strong>, toda ella de <strong>vi\u00f1edos de m\u00e1s de 50 a\u00f1os<\/strong><strong>, <\/strong>procedente de Rioja Alavesa y Rioja Alta, vendimiados de noche, en peque\u00f1as cajas, a mediados del mes de octubre, obtenemos este vino reserva de alta expresi\u00f3n de color intenso, rojo rub\u00ed, con matices teja, aterciopelado y muy brillante.<\/p>\n<p>Este vino, Ubide Reserva de la Familia, ha sido guardado durante <strong>tres a\u00f1os en barrica nueva de roble americano y seis meses m\u00e1s en barrica nueva de roble franc\u00e9s<\/strong>, lo que le determina intensos y elegantes aromas de guarda y especiados, con recuerdos de frutas rojas, pimienta y vainilla.<\/p>\n<p>En boca encontramos un vino de gran cuerpo, potente, muy personal y de gran car\u00e1cter, largo, c\u00e1lido y muy persistente, aunque muy equilibrado, redondo y armonioso.<\/p>\n<p><strong>Temperatura de consumo<\/strong><\/p>\n<p>18 \u00ba C.<\/p>\n","protected":false},"excerpt":{"rendered":"<p data-start=\"279\" data-end=\"574\">Estuche con tres botellas de <strong data-start=\"308\" data-end=\"339\">Ubide Reserva de la Familia<\/strong>, un vino de alta expresi\u00f3n elaborado con uvas Tempranillo y Mazuelo de vi\u00f1edos de m\u00e1s de 50 a\u00f1os. Envejecido m\u00e1s de tres a\u00f1os en barrica, destaca por su elegancia, cuerpo y equilibrio, con notas de vainilla, fruta madura y especias.<\/p>\n","protected":false},"featured_media":4684,"comment_status":"open","ping_status":"closed","template":"","meta":{"_acf_changed":false},"product_brand":[],"product_cat":[36],"product_tag":[],"class_list":{"0":"post-5672","1":"product","2":"type-product","3":"status-publish","4":"has-post-thumbnail","6":"product_cat-sin-categorizar","8":"first","9":"instock","10":"shipping-taxable","11":"purchasable","12":"product-type-simple"},"acf":[],"yoast_head":"<!-- This site is optimized with the Yoast SEO plugin v27.4 - https:\/\/yoast.com\/product\/yoast-seo-wordpress\/ -->\n<title>Ubide Reserva de la Familia | Estuche 3 botellas<\/title>\n<meta name=\"description\" content=\"Descubre Ubide Reserva de la Familia, vino de Rioja Alavesa elaborado con uvas de m\u00e1s de 50 a\u00f1os.\" \/>\n<meta name=\"robots\" content=\"index, follow, max-snippet:-1, max-image-preview:large, max-video-preview:-1\" \/>\n<link rel=\"canonical\" href=\"https:\/\/www.bodegasubide.com\/producto\/ubide-reserva-de-la-familia-estuche-madera-3-bot\/\" \/>\n<meta property=\"og:locale\" content=\"en_US\" \/>\n<meta property=\"og:type\" content=\"article\" \/>\n<meta property=\"og:title\" content=\"Ubide Reserva de la Familia | Estuche 3 botellas\" \/>\n<meta property=\"og:description\" content=\"Descubre Ubide Reserva de la Familia, vino de Rioja Alavesa elaborado con uvas de m\u00e1s de 50 a\u00f1os.\" \/>\n<meta property=\"og:url\" content=\"https:\/\/www.bodegasubide.com\/producto\/ubide-reserva-de-la-familia-estuche-madera-3-bot\/\" \/>\n<meta property=\"og:site_name\" content=\"Bodegas Ubide\" \/>\n<meta property=\"article:modified_time\" content=\"2025-12-01T13:16:44+00:00\" \/>\n<meta property=\"og:image\" content=\"https:\/\/www.bodegasubide.com\/wp-content\/uploads\/2025\/06\/reserva-familia-caja-madera-3-botellas-bodegas-ubide.jpg.png\" \/>\n\t<meta property=\"og:image:width\" content=\"1536\" \/>\n\t<meta property=\"og:image:height\" content=\"2048\" \/>\n\t<meta property=\"og:image:type\" content=\"image\/png\" \/>\n<meta name=\"twitter:card\" content=\"summary_large_image\" \/>\n<meta name=\"twitter:label1\" content=\"Est. reading time\" \/>\n\t<meta name=\"twitter:data1\" content=\"1 minute\" \/>\n<script type=\"application\/ld+json\" class=\"yoast-schema-graph\">{\"@context\":\"https:\\\/\\\/schema.org\",\"@graph\":[{\"@type\":\"WebPage\",\"@id\":\"https:\\\/\\\/www.bodegasubide.com\\\/producto\\\/ubide-reserva-de-la-familia-estuche-madera-3-bot\\\/\",\"url\":\"https:\\\/\\\/www.bodegasubide.com\\\/producto\\\/ubide-reserva-de-la-familia-estuche-madera-3-bot\\\/\",\"name\":\"Ubide Reserva de la Familia | Estuche 3 botellas\",\"isPartOf\":{\"@id\":\"https:\\\/\\\/www.bodegasubide.com\\\/#website\"},\"primaryImageOfPage\":{\"@id\":\"https:\\\/\\\/www.bodegasubide.com\\\/producto\\\/ubide-reserva-de-la-familia-estuche-madera-3-bot\\\/#primaryimage\"},\"image\":{\"@id\":\"https:\\\/\\\/www.bodegasubide.com\\\/producto\\\/ubide-reserva-de-la-familia-estuche-madera-3-bot\\\/#primaryimage\"},\"thumbnailUrl\":\"https:\\\/\\\/www.bodegasubide.com\\\/wp-content\\\/uploads\\\/2025\\\/06\\\/reserva-familia-caja-madera-3-botellas-bodegas-ubide.jpg.png\",\"datePublished\":\"2025-09-13T14:27:34+00:00\",\"dateModified\":\"2025-12-01T13:16:44+00:00\",\"description\":\"Descubre Ubide Reserva de la Familia, vino de Rioja Alavesa elaborado con uvas de m\u00e1s de 50 a\u00f1os.\",\"breadcrumb\":{\"@id\":\"https:\\\/\\\/www.bodegasubide.com\\\/producto\\\/ubide-reserva-de-la-familia-estuche-madera-3-bot\\\/#breadcrumb\"},\"inLanguage\":\"en-US\",\"potentialAction\":[{\"@type\":\"ReadAction\",\"target\":[\"https:\\\/\\\/www.bodegasubide.com\\\/producto\\\/ubide-reserva-de-la-familia-estuche-madera-3-bot\\\/\"]}]},{\"@type\":\"ImageObject\",\"inLanguage\":\"en-US\",\"@id\":\"https:\\\/\\\/www.bodegasubide.com\\\/producto\\\/ubide-reserva-de-la-familia-estuche-madera-3-bot\\\/#primaryimage\",\"url\":\"https:\\\/\\\/www.bodegasubide.com\\\/wp-content\\\/uploads\\\/2025\\\/06\\\/reserva-familia-caja-madera-3-botellas-bodegas-ubide.jpg.png\",\"contentUrl\":\"https:\\\/\\\/www.bodegasubide.com\\\/wp-content\\\/uploads\\\/2025\\\/06\\\/reserva-familia-caja-madera-3-botellas-bodegas-ubide.jpg.png\",\"width\":1536,\"height\":2048,\"caption\":\"Vino Reserva de la Familia de Bodegas Ubide en presentaci\u00f3n de 3 botellas en caja de madera\"},{\"@type\":\"BreadcrumbList\",\"@id\":\"https:\\\/\\\/www.bodegasubide.com\\\/producto\\\/ubide-reserva-de-la-familia-estuche-madera-3-bot\\\/#breadcrumb\",\"itemListElement\":[{\"@type\":\"ListItem\",\"position\":1,\"name\":\"Portada\",\"item\":\"https:\\\/\\\/www.bodegasubide.com\\\/en\\\/home\\\/\"},{\"@type\":\"ListItem\",\"position\":2,\"name\":\"Tienda\",\"item\":\"https:\\\/\\\/www.bodegasubide.com\\\/tienda\\\/\"},{\"@type\":\"ListItem\",\"position\":3,\"name\":\"Ubide Reserva de la Familia &#8211; estuche madera 3 bot.\"}]},{\"@type\":\"WebSite\",\"@id\":\"https:\\\/\\\/www.bodegasubide.com\\\/#website\",\"url\":\"https:\\\/\\\/www.bodegasubide.com\\\/\",\"name\":\"Bodegas Ubide\",\"description\":\"D.O. Rioja Alavesa\",\"publisher\":{\"@id\":\"https:\\\/\\\/www.bodegasubide.com\\\/#organization\"},\"potentialAction\":[{\"@type\":\"SearchAction\",\"target\":{\"@type\":\"EntryPoint\",\"urlTemplate\":\"https:\\\/\\\/www.bodegasubide.com\\\/?s={search_term_string}\"},\"query-input\":{\"@type\":\"PropertyValueSpecification\",\"valueRequired\":true,\"valueName\":\"search_term_string\"}}],\"inLanguage\":\"en-US\"},{\"@type\":\"Organization\",\"@id\":\"https:\\\/\\\/www.bodegasubide.com\\\/#organization\",\"name\":\"Bodegas Ubide\",\"url\":\"https:\\\/\\\/www.bodegasubide.com\\\/\",\"logo\":{\"@type\":\"ImageObject\",\"inLanguage\":\"en-US\",\"@id\":\"https:\\\/\\\/www.bodegasubide.com\\\/#\\\/schema\\\/logo\\\/image\\\/\",\"url\":\"https:\\\/\\\/www.bodegasubide.com\\\/wp-content\\\/uploads\\\/2025\\\/09\\\/LOGO-UBIDE-PEQUENO.png\",\"contentUrl\":\"https:\\\/\\\/www.bodegasubide.com\\\/wp-content\\\/uploads\\\/2025\\\/09\\\/LOGO-UBIDE-PEQUENO.png\",\"width\":150,\"height\":150,\"caption\":\"Bodegas Ubide\"},\"image\":{\"@id\":\"https:\\\/\\\/www.bodegasubide.com\\\/#\\\/schema\\\/logo\\\/image\\\/\"}}]}<\/script>\n<!-- \/ Yoast SEO plugin. -->","yoast_head_json":{"title":"Ubide Reserva de la Familia | Estuche 3 botellas","description":"Descubre Ubide Reserva de la Familia, vino de Rioja Alavesa elaborado con uvas de m\u00e1s de 50 a\u00f1os.","robots":{"index":"index","follow":"follow","max-snippet":"max-snippet:-1","max-image-preview":"max-image-preview:large","max-video-preview":"max-video-preview:-1"},"canonical":"https:\/\/www.bodegasubide.com\/producto\/ubide-reserva-de-la-familia-estuche-madera-3-bot\/","og_locale":"en_US","og_type":"article","og_title":"Ubide Reserva de la Familia | Estuche 3 botellas","og_description":"Descubre Ubide Reserva de la Familia, vino de Rioja Alavesa elaborado con uvas de m\u00e1s de 50 a\u00f1os.","og_url":"https:\/\/www.bodegasubide.com\/producto\/ubide-reserva-de-la-familia-estuche-madera-3-bot\/","og_site_name":"Bodegas Ubide","article_modified_time":"2025-12-01T13:16:44+00:00","og_image":[{"width":1536,"height":2048,"url":"https:\/\/www.bodegasubide.com\/wp-content\/uploads\/2025\/06\/reserva-familia-caja-madera-3-botellas-bodegas-ubide.jpg.png","type":"image\/png"}],"twitter_card":"summary_large_image","twitter_misc":{"Est. reading time":"1 minute"},"schema":{"@context":"https:\/\/schema.org","@graph":[{"@type":"WebPage","@id":"https:\/\/www.bodegasubide.com\/producto\/ubide-reserva-de-la-familia-estuche-madera-3-bot\/","url":"https:\/\/www.bodegasubide.com\/producto\/ubide-reserva-de-la-familia-estuche-madera-3-bot\/","name":"Ubide Reserva de la Familia | Estuche 3 botellas","isPartOf":{"@id":"https:\/\/www.bodegasubide.com\/#website"},"primaryImageOfPage":{"@id":"https:\/\/www.bodegasubide.com\/producto\/ubide-reserva-de-la-familia-estuche-madera-3-bot\/#primaryimage"},"image":{"@id":"https:\/\/www.bodegasubide.com\/producto\/ubide-reserva-de-la-familia-estuche-madera-3-bot\/#primaryimage"},"thumbnailUrl":"https:\/\/www.bodegasubide.com\/wp-content\/uploads\/2025\/06\/reserva-familia-caja-madera-3-botellas-bodegas-ubide.jpg.png","datePublished":"2025-09-13T14:27:34+00:00","dateModified":"2025-12-01T13:16:44+00:00","description":"Descubre Ubide Reserva de la Familia, vino de Rioja Alavesa elaborado con uvas de m\u00e1s de 50 a\u00f1os.","breadcrumb":{"@id":"https:\/\/www.bodegasubide.com\/producto\/ubide-reserva-de-la-familia-estuche-madera-3-bot\/#breadcrumb"},"inLanguage":"en-US","potentialAction":[{"@type":"ReadAction","target":["https:\/\/www.bodegasubide.com\/producto\/ubide-reserva-de-la-familia-estuche-madera-3-bot\/"]}]},{"@type":"ImageObject","inLanguage":"en-US","@id":"https:\/\/www.bodegasubide.com\/producto\/ubide-reserva-de-la-familia-estuche-madera-3-bot\/#primaryimage","url":"https:\/\/www.bodegasubide.com\/wp-content\/uploads\/2025\/06\/reserva-familia-caja-madera-3-botellas-bodegas-ubide.jpg.png","contentUrl":"https:\/\/www.bodegasubide.com\/wp-content\/uploads\/2025\/06\/reserva-familia-caja-madera-3-botellas-bodegas-ubide.jpg.png","width":1536,"height":2048,"caption":"Vino Reserva de la Familia de Bodegas Ubide en presentaci\u00f3n de 3 botellas en caja de madera"},{"@type":"BreadcrumbList","@id":"https:\/\/www.bodegasubide.com\/producto\/ubide-reserva-de-la-familia-estuche-madera-3-bot\/#breadcrumb","itemListElement":[{"@type":"ListItem","position":1,"name":"Portada","item":"https:\/\/www.bodegasubide.com\/en\/home\/"},{"@type":"ListItem","position":2,"name":"Tienda","item":"https:\/\/www.bodegasubide.com\/tienda\/"},{"@type":"ListItem","position":3,"name":"Ubide Reserva de la Familia &#8211; estuche madera 3 bot."}]},{"@type":"WebSite","@id":"https:\/\/www.bodegasubide.com\/#website","url":"https:\/\/www.bodegasubide.com\/","name":"Bodegas Ubide","description":"D.O. Rioja Alavesa","publisher":{"@id":"https:\/\/www.bodegasubide.com\/#organization"},"potentialAction":[{"@type":"SearchAction","target":{"@type":"EntryPoint","urlTemplate":"https:\/\/www.bodegasubide.com\/?s={search_term_string}"},"query-input":{"@type":"PropertyValueSpecification","valueRequired":true,"valueName":"search_term_string"}}],"inLanguage":"en-US"},{"@type":"Organization","@id":"https:\/\/www.bodegasubide.com\/#organization","name":"Bodegas Ubide","url":"https:\/\/www.bodegasubide.com\/","logo":{"@type":"ImageObject","inLanguage":"en-US","@id":"https:\/\/www.bodegasubide.com\/#\/schema\/logo\/image\/","url":"https:\/\/www.bodegasubide.com\/wp-content\/uploads\/2025\/09\/LOGO-UBIDE-PEQUENO.png","contentUrl":"https:\/\/www.bodegasubide.com\/wp-content\/uploads\/2025\/09\/LOGO-UBIDE-PEQUENO.png","width":150,"height":150,"caption":"Bodegas Ubide"},"image":{"@id":"https:\/\/www.bodegasubide.com\/#\/schema\/logo\/image\/"}}]}},"_links":{"self":[{"href":"https:\/\/www.bodegasubide.com\/en\/wp-json\/wp\/v2\/product\/5672","targetHints":{"allow":["GET"]}}],"collection":[{"href":"https:\/\/www.bodegasubide.com\/en\/wp-json\/wp\/v2\/product"}],"about":[{"href":"https:\/\/www.bodegasubide.com\/en\/wp-json\/wp\/v2\/types\/product"}],"replies":[{"embeddable":true,"href":"https:\/\/www.bodegasubide.com\/en\/wp-json\/wp\/v2\/comments?post=5672"}],"wp:featuredmedia":[{"embeddable":true,"href":"https:\/\/www.bodegasubide.com\/en\/wp-json\/wp\/v2\/media\/4684"}],"wp:attachment":[{"href":"https:\/\/www.bodegasubide.com\/en\/wp-json\/wp\/v2\/media?parent=5672"}],"wp:term":[{"taxonomy":"product_brand","embeddable":true,"href":"https:\/\/www.bodegasubide.com\/en\/wp-json\/wp\/v2\/product_brand?post=5672"},{"taxonomy":"product_cat","embeddable":true,"href":"https:\/\/www.bodegasubide.com\/en\/wp-json\/wp\/v2\/product_cat?post=5672"},{"taxonomy":"product_tag","embeddable":true,"href":"https:\/\/www.bodegasubide.com\/en\/wp-json\/wp\/v2\/product_tag?post=5672"}],"curies":[{"name":"wp","href":"https:\/\/api.w.org\/{rel}","templated":true}]}}