{"id":4760,"date":"2025-06-29T20:54:14","date_gmt":"2025-06-29T18:54:14","guid":{"rendered":"https:\/\/www.bodegasubide.com\/?post_type=product&#038;p=4760"},"modified":"2025-12-01T14:16:45","modified_gmt":"2025-12-01T13:16:45","slug":"pack-seleccion-tinto","status":"publish","type":"product","link":"https:\/\/www.bodegasubide.com\/en\/producto\/pack-seleccion-tinto\/","title":{"rendered":"Pack Selecci\u00f3n Tinto &#8211; 6 botellas"},"content":{"rendered":"<p data-start=\"478\" data-end=\"648\">El <strong data-start=\"481\" data-end=\"505\">Pack Selecci\u00f3n Tinto<\/strong> est\u00e1 pensado para los amantes del vino tinto con cuerpo y personalidad. Re\u00fane tres de nuestros vinos m\u00e1s representativos de crianza y reserva:<\/p>\n<ul data-start=\"650\" data-end=\"890\">\n<li data-start=\"650\" data-end=\"723\">\n<p data-start=\"652\" data-end=\"723\"><strong data-start=\"652\" data-end=\"682\">2 botellas de Ubide Tierra<\/strong> \u2013 Crianza suave, fresco y equilibrado.<\/p>\n<\/li>\n<li data-start=\"724\" data-end=\"812\">\n<p data-start=\"726\" data-end=\"812\"><strong data-start=\"726\" data-end=\"760\">2 botellas de Mendieta Crianza<\/strong> \u2013 Cl\u00e1sico riojano, redondo y con notas de madera.<\/p>\n<\/li>\n<li data-start=\"813\" data-end=\"890\">\n<p data-start=\"815\" data-end=\"890\"><strong data-start=\"815\" data-end=\"849\">2 botellas de Mendieta Reserva<\/strong> \u2013 Elegancia, complejidad y persistencia.<\/p>\n<\/li>\n<\/ul>\n<p data-start=\"892\" data-end=\"1039\">Un pack ideal para disfrutar en familia, regalar o acompa\u00f1ar platos intensos. La mejor selecci\u00f3n para quienes buscan lo aut\u00e9ntico de Rioja Alavesa.<\/p>\n","protected":false},"excerpt":{"rendered":"<p data-start=\"322\" data-end=\"410\">Seis tintos seleccionados con crianza: equilibrio, car\u00e1cter y tradici\u00f3n en cada botella.<\/p>\n","protected":false},"featured_media":4767,"comment_status":"closed","ping_status":"closed","template":"","meta":{"_acf_changed":false},"product_brand":[],"product_cat":[44],"product_tag":[],"class_list":{"0":"post-4760","1":"product","2":"type-product","3":"status-publish","4":"has-post-thumbnail","6":"product_cat-packs-y-estuches","8":"first","9":"instock","10":"shipping-taxable","11":"purchasable","12":"product-type-simple"},"acf":[],"yoast_head":"<!-- This site is optimized with the Yoast SEO plugin v27.4 - https:\/\/yoast.com\/product\/yoast-seo-wordpress\/ -->\n<title>Pack Selecci\u00f3n Tinto - 6 botellas - Bodegas Ubide<\/title>\n<meta name=\"robots\" content=\"index, follow, max-snippet:-1, max-image-preview:large, max-video-preview:-1\" \/>\n<link rel=\"canonical\" href=\"https:\/\/www.bodegasubide.com\/producto\/pack-seleccion-tinto\/\" \/>\n<meta property=\"og:locale\" content=\"en_US\" \/>\n<meta property=\"og:type\" content=\"article\" \/>\n<meta property=\"og:title\" content=\"Pack Selecci\u00f3n Tinto - 6 botellas - Bodegas Ubide\" \/>\n<meta property=\"og:description\" content=\"Seis tintos seleccionados con crianza: equilibrio, car\u00e1cter y tradici\u00f3n en cada botella.\" \/>\n<meta property=\"og:url\" content=\"https:\/\/www.bodegasubide.com\/producto\/pack-seleccion-tinto\/\" \/>\n<meta property=\"og:site_name\" content=\"Bodegas Ubide\" \/>\n<meta property=\"article:modified_time\" content=\"2025-12-01T13:16:45+00:00\" \/>\n<meta property=\"og:image\" content=\"https:\/\/www.bodegasubide.com\/wp-content\/uploads\/2025\/06\/pack-seleccion-tinto.jpg-1.png\" \/>\n\t<meta property=\"og:image:width\" content=\"1536\" \/>\n\t<meta property=\"og:image:height\" content=\"2048\" \/>\n\t<meta property=\"og:image:type\" content=\"image\/png\" \/>\n<meta name=\"twitter:card\" content=\"summary_large_image\" \/>\n<meta name=\"twitter:label1\" content=\"Est. reading time\" \/>\n\t<meta name=\"twitter:data1\" content=\"1 minute\" \/>\n<script type=\"application\/ld+json\" class=\"yoast-schema-graph\">{\"@context\":\"https:\\\/\\\/schema.org\",\"@graph\":[{\"@type\":\"WebPage\",\"@id\":\"https:\\\/\\\/www.bodegasubide.com\\\/producto\\\/pack-seleccion-tinto\\\/\",\"url\":\"https:\\\/\\\/www.bodegasubide.com\\\/producto\\\/pack-seleccion-tinto\\\/\",\"name\":\"Pack Selecci\u00f3n Tinto - 6 botellas - Bodegas Ubide\",\"isPartOf\":{\"@id\":\"https:\\\/\\\/www.bodegasubide.com\\\/#website\"},\"primaryImageOfPage\":{\"@id\":\"https:\\\/\\\/www.bodegasubide.com\\\/producto\\\/pack-seleccion-tinto\\\/#primaryimage\"},\"image\":{\"@id\":\"https:\\\/\\\/www.bodegasubide.com\\\/producto\\\/pack-seleccion-tinto\\\/#primaryimage\"},\"thumbnailUrl\":\"https:\\\/\\\/www.bodegasubide.com\\\/wp-content\\\/uploads\\\/2025\\\/06\\\/pack-seleccion-tinto.jpg-1.png\",\"datePublished\":\"2025-06-29T18:54:14+00:00\",\"dateModified\":\"2025-12-01T13:16:45+00:00\",\"breadcrumb\":{\"@id\":\"https:\\\/\\\/www.bodegasubide.com\\\/producto\\\/pack-seleccion-tinto\\\/#breadcrumb\"},\"inLanguage\":\"en-US\",\"potentialAction\":[{\"@type\":\"ReadAction\",\"target\":[\"https:\\\/\\\/www.bodegasubide.com\\\/producto\\\/pack-seleccion-tinto\\\/\"]}]},{\"@type\":\"ImageObject\",\"inLanguage\":\"en-US\",\"@id\":\"https:\\\/\\\/www.bodegasubide.com\\\/producto\\\/pack-seleccion-tinto\\\/#primaryimage\",\"url\":\"https:\\\/\\\/www.bodegasubide.com\\\/wp-content\\\/uploads\\\/2025\\\/06\\\/pack-seleccion-tinto.jpg-1.png\",\"contentUrl\":\"https:\\\/\\\/www.bodegasubide.com\\\/wp-content\\\/uploads\\\/2025\\\/06\\\/pack-seleccion-tinto.jpg-1.png\",\"width\":1536,\"height\":2048,\"caption\":\"Pack de vino tinto con crianza y reserva de Bodegas Ubide: Ubide Tierra, Mendieta Crianza y Mendieta Reserva\"},{\"@type\":\"BreadcrumbList\",\"@id\":\"https:\\\/\\\/www.bodegasubide.com\\\/producto\\\/pack-seleccion-tinto\\\/#breadcrumb\",\"itemListElement\":[{\"@type\":\"ListItem\",\"position\":1,\"name\":\"Portada\",\"item\":\"https:\\\/\\\/www.bodegasubide.com\\\/en\\\/home\\\/\"},{\"@type\":\"ListItem\",\"position\":2,\"name\":\"Tienda\",\"item\":\"https:\\\/\\\/www.bodegasubide.com\\\/tienda\\\/\"},{\"@type\":\"ListItem\",\"position\":3,\"name\":\"Pack Selecci\u00f3n Tinto &#8211; 6 botellas\"}]},{\"@type\":\"WebSite\",\"@id\":\"https:\\\/\\\/www.bodegasubide.com\\\/#website\",\"url\":\"https:\\\/\\\/www.bodegasubide.com\\\/\",\"name\":\"Bodegas Ubide\",\"description\":\"D.O. Rioja Alavesa\",\"publisher\":{\"@id\":\"https:\\\/\\\/www.bodegasubide.com\\\/#organization\"},\"potentialAction\":[{\"@type\":\"SearchAction\",\"target\":{\"@type\":\"EntryPoint\",\"urlTemplate\":\"https:\\\/\\\/www.bodegasubide.com\\\/?s={search_term_string}\"},\"query-input\":{\"@type\":\"PropertyValueSpecification\",\"valueRequired\":true,\"valueName\":\"search_term_string\"}}],\"inLanguage\":\"en-US\"},{\"@type\":\"Organization\",\"@id\":\"https:\\\/\\\/www.bodegasubide.com\\\/#organization\",\"name\":\"Bodegas Ubide\",\"url\":\"https:\\\/\\\/www.bodegasubide.com\\\/\",\"logo\":{\"@type\":\"ImageObject\",\"inLanguage\":\"en-US\",\"@id\":\"https:\\\/\\\/www.bodegasubide.com\\\/#\\\/schema\\\/logo\\\/image\\\/\",\"url\":\"https:\\\/\\\/www.bodegasubide.com\\\/wp-content\\\/uploads\\\/2025\\\/09\\\/LOGO-UBIDE-PEQUENO.png\",\"contentUrl\":\"https:\\\/\\\/www.bodegasubide.com\\\/wp-content\\\/uploads\\\/2025\\\/09\\\/LOGO-UBIDE-PEQUENO.png\",\"width\":150,\"height\":150,\"caption\":\"Bodegas Ubide\"},\"image\":{\"@id\":\"https:\\\/\\\/www.bodegasubide.com\\\/#\\\/schema\\\/logo\\\/image\\\/\"}}]}<\/script>\n<!-- \/ Yoast SEO plugin. -->","yoast_head_json":{"title":"Pack Selecci\u00f3n Tinto - 6 botellas - Bodegas Ubide","robots":{"index":"index","follow":"follow","max-snippet":"max-snippet:-1","max-image-preview":"max-image-preview:large","max-video-preview":"max-video-preview:-1"},"canonical":"https:\/\/www.bodegasubide.com\/producto\/pack-seleccion-tinto\/","og_locale":"en_US","og_type":"article","og_title":"Pack Selecci\u00f3n Tinto - 6 botellas - Bodegas Ubide","og_description":"Seis tintos seleccionados con crianza: equilibrio, car\u00e1cter y tradici\u00f3n en cada botella.","og_url":"https:\/\/www.bodegasubide.com\/producto\/pack-seleccion-tinto\/","og_site_name":"Bodegas Ubide","article_modified_time":"2025-12-01T13:16:45+00:00","og_image":[{"width":1536,"height":2048,"url":"https:\/\/www.bodegasubide.com\/wp-content\/uploads\/2025\/06\/pack-seleccion-tinto.jpg-1.png","type":"image\/png"}],"twitter_card":"summary_large_image","twitter_misc":{"Est. reading time":"1 minute"},"schema":{"@context":"https:\/\/schema.org","@graph":[{"@type":"WebPage","@id":"https:\/\/www.bodegasubide.com\/producto\/pack-seleccion-tinto\/","url":"https:\/\/www.bodegasubide.com\/producto\/pack-seleccion-tinto\/","name":"Pack Selecci\u00f3n Tinto - 6 botellas - Bodegas Ubide","isPartOf":{"@id":"https:\/\/www.bodegasubide.com\/#website"},"primaryImageOfPage":{"@id":"https:\/\/www.bodegasubide.com\/producto\/pack-seleccion-tinto\/#primaryimage"},"image":{"@id":"https:\/\/www.bodegasubide.com\/producto\/pack-seleccion-tinto\/#primaryimage"},"thumbnailUrl":"https:\/\/www.bodegasubide.com\/wp-content\/uploads\/2025\/06\/pack-seleccion-tinto.jpg-1.png","datePublished":"2025-06-29T18:54:14+00:00","dateModified":"2025-12-01T13:16:45+00:00","breadcrumb":{"@id":"https:\/\/www.bodegasubide.com\/producto\/pack-seleccion-tinto\/#breadcrumb"},"inLanguage":"en-US","potentialAction":[{"@type":"ReadAction","target":["https:\/\/www.bodegasubide.com\/producto\/pack-seleccion-tinto\/"]}]},{"@type":"ImageObject","inLanguage":"en-US","@id":"https:\/\/www.bodegasubide.com\/producto\/pack-seleccion-tinto\/#primaryimage","url":"https:\/\/www.bodegasubide.com\/wp-content\/uploads\/2025\/06\/pack-seleccion-tinto.jpg-1.png","contentUrl":"https:\/\/www.bodegasubide.com\/wp-content\/uploads\/2025\/06\/pack-seleccion-tinto.jpg-1.png","width":1536,"height":2048,"caption":"Pack de vino tinto con crianza y reserva de Bodegas Ubide: Ubide Tierra, Mendieta Crianza y Mendieta Reserva"},{"@type":"BreadcrumbList","@id":"https:\/\/www.bodegasubide.com\/producto\/pack-seleccion-tinto\/#breadcrumb","itemListElement":[{"@type":"ListItem","position":1,"name":"Portada","item":"https:\/\/www.bodegasubide.com\/en\/home\/"},{"@type":"ListItem","position":2,"name":"Tienda","item":"https:\/\/www.bodegasubide.com\/tienda\/"},{"@type":"ListItem","position":3,"name":"Pack Selecci\u00f3n Tinto &#8211; 6 botellas"}]},{"@type":"WebSite","@id":"https:\/\/www.bodegasubide.com\/#website","url":"https:\/\/www.bodegasubide.com\/","name":"Bodegas Ubide","description":"D.O. Rioja Alavesa","publisher":{"@id":"https:\/\/www.bodegasubide.com\/#organization"},"potentialAction":[{"@type":"SearchAction","target":{"@type":"EntryPoint","urlTemplate":"https:\/\/www.bodegasubide.com\/?s={search_term_string}"},"query-input":{"@type":"PropertyValueSpecification","valueRequired":true,"valueName":"search_term_string"}}],"inLanguage":"en-US"},{"@type":"Organization","@id":"https:\/\/www.bodegasubide.com\/#organization","name":"Bodegas Ubide","url":"https:\/\/www.bodegasubide.com\/","logo":{"@type":"ImageObject","inLanguage":"en-US","@id":"https:\/\/www.bodegasubide.com\/#\/schema\/logo\/image\/","url":"https:\/\/www.bodegasubide.com\/wp-content\/uploads\/2025\/09\/LOGO-UBIDE-PEQUENO.png","contentUrl":"https:\/\/www.bodegasubide.com\/wp-content\/uploads\/2025\/09\/LOGO-UBIDE-PEQUENO.png","width":150,"height":150,"caption":"Bodegas Ubide"},"image":{"@id":"https:\/\/www.bodegasubide.com\/#\/schema\/logo\/image\/"}}]}},"_links":{"self":[{"href":"https:\/\/www.bodegasubide.com\/en\/wp-json\/wp\/v2\/product\/4760","targetHints":{"allow":["GET"]}}],"collection":[{"href":"https:\/\/www.bodegasubide.com\/en\/wp-json\/wp\/v2\/product"}],"about":[{"href":"https:\/\/www.bodegasubide.com\/en\/wp-json\/wp\/v2\/types\/product"}],"replies":[{"embeddable":true,"href":"https:\/\/www.bodegasubide.com\/en\/wp-json\/wp\/v2\/comments?post=4760"}],"wp:featuredmedia":[{"embeddable":true,"href":"https:\/\/www.bodegasubide.com\/en\/wp-json\/wp\/v2\/media\/4767"}],"wp:attachment":[{"href":"https:\/\/www.bodegasubide.com\/en\/wp-json\/wp\/v2\/media?parent=4760"}],"wp:term":[{"taxonomy":"product_brand","embeddable":true,"href":"https:\/\/www.bodegasubide.com\/en\/wp-json\/wp\/v2\/product_brand?post=4760"},{"taxonomy":"product_cat","embeddable":true,"href":"https:\/\/www.bodegasubide.com\/en\/wp-json\/wp\/v2\/product_cat?post=4760"},{"taxonomy":"product_tag","embeddable":true,"href":"https:\/\/www.bodegasubide.com\/en\/wp-json\/wp\/v2\/product_tag?post=4760"}],"curies":[{"name":"wp","href":"https:\/\/api.w.org\/{rel}","templated":true}]}}