{"id":4440,"date":"2025-06-20T23:05:36","date_gmt":"2025-06-20T21:05:36","guid":{"rendered":"https:\/\/www.bodegasubide.com\/?post_type=product&#038;p=4440"},"modified":"2025-09-14T19:46:33","modified_gmt":"2025-09-14T17:46:33","slug":"mendieta-reserva-caja-6-botellas","status":"publish","type":"product","link":"https:\/\/www.bodegasubide.com\/en\/producto\/mendieta-reserva-caja-6-botellas\/","title":{"rendered":"Se\u00f1or\u00edo de Mendieta Reserva &#8211; estuche madera 3 bot."},"content":{"rendered":"<p><strong>Temperatura de consumo:<\/strong> 18 \u00ba C<\/p>\n","protected":false},"excerpt":{"rendered":"<p>Para obtener este vino, aplicamos la m\u00e1s rigurosa selecci\u00f3n de nuestras mejores uvas de <strong>tempranillo<\/strong> y <strong>mazuelo<\/strong>, en base a vi\u00f1edos de <strong>m\u00e1s de treinta a\u00f1os<\/strong> de antig\u00fcedad.<\/p>\n<p>Elegimos los vinos que, procedentes \u00fanicamente de determinadas a\u00f1adas, y despu\u00e9s de <strong>dos largos a\u00f1os envejecidos en la quietud de nuestras barricas de roble americano y franc\u00e9s<\/strong>, son trasladados al<strong> reposo de la botella durante un m\u00ednimo de otro a\u00f1o<\/strong>, hasta alcanzar su \u00f3ptimo de calidad para su puesta en el mercado.<\/p>\n<p>De color rojo rub\u00ed intenso, muy aterciopelado y de brillantez, encontramos un vino de armonioso aroma de guarda, con una exquisita mezcla de vainillas y especias, con profundos aromas de torrefactos.<\/p>\n<p>En boca es un vino de gran personalidad, amplio, ligeramente ardiente, aunque muy redondo y largo, con un potente postgusto.<\/p>\n","protected":false},"featured_media":4697,"comment_status":"closed","ping_status":"closed","template":"","meta":{"_acf_changed":false},"product_brand":[],"product_cat":[43],"product_tag":[],"class_list":{"0":"post-4440","1":"product","2":"type-product","3":"status-publish","4":"has-post-thumbnail","6":"product_cat-reserva","8":"first","9":"instock","10":"sale","11":"shipping-taxable","12":"purchasable","13":"product-type-simple"},"acf":[],"yoast_head":"<!-- This site is optimized with the Yoast SEO plugin v27.4 - https:\/\/yoast.com\/product\/yoast-seo-wordpress\/ -->\n<title>Se\u00f1or\u00edo de Mendieta Reserva - estuche madera 3 bot. - Bodegas Ubide<\/title>\n<meta name=\"robots\" content=\"index, follow, max-snippet:-1, max-image-preview:large, max-video-preview:-1\" \/>\n<link rel=\"canonical\" href=\"https:\/\/www.bodegasubide.com\/producto\/mendieta-reserva-caja-6-botellas\/\" \/>\n<meta property=\"og:locale\" content=\"en_US\" \/>\n<meta property=\"og:type\" content=\"article\" \/>\n<meta property=\"og:title\" content=\"Se\u00f1or\u00edo de Mendieta Reserva - estuche madera 3 bot. - Bodegas Ubide\" \/>\n<meta property=\"og:description\" content=\"Para obtener este vino, aplicamos la m\u00e1s rigurosa selecci\u00f3n de nuestras mejores uvas de tempranillo y mazuelo, en base a vi\u00f1edos de m\u00e1s de treinta a\u00f1os de antig\u00fcedad.  Elegimos los vinos que, procedentes \u00fanicamente de determinadas a\u00f1adas, y despu\u00e9s de dos largos a\u00f1os envejecidos en la quietud de nuestras barricas de roble americano y franc\u00e9s, son trasladados al reposo de la botella durante un m\u00ednimo de otro a\u00f1o, hasta alcanzar su \u00f3ptimo de calidad para su puesta en el mercado.  De color rojo rub\u00ed intenso, muy aterciopelado y de brillantez, encontramos un vino de armonioso aroma de guarda, con una exquisita mezcla de vainillas y especias, con profundos aromas de torrefactos.  En boca es un vino de gran personalidad, amplio, ligeramente ardiente, aunque muy redondo y largo, con un potente postgusto.\" \/>\n<meta property=\"og:url\" content=\"https:\/\/www.bodegasubide.com\/producto\/mendieta-reserva-caja-6-botellas\/\" \/>\n<meta property=\"og:site_name\" content=\"Bodegas Ubide\" \/>\n<meta property=\"article:modified_time\" content=\"2025-09-14T17:46:33+00:00\" \/>\n<meta property=\"og:image\" content=\"https:\/\/www.bodegasubide.com\/wp-content\/uploads\/2025\/06\/mendieta-reserva-caja-madera-3-botellas-bodegas-ubide.jpg.png\" \/>\n\t<meta property=\"og:image:width\" content=\"1536\" \/>\n\t<meta property=\"og:image:height\" content=\"2048\" \/>\n\t<meta property=\"og:image:type\" content=\"image\/png\" \/>\n<meta name=\"twitter:card\" content=\"summary_large_image\" \/>\n<meta name=\"twitter:label1\" content=\"Est. reading time\" \/>\n\t<meta name=\"twitter:data1\" content=\"1 minute\" \/>\n<script type=\"application\/ld+json\" class=\"yoast-schema-graph\">{\"@context\":\"https:\\\/\\\/schema.org\",\"@graph\":[{\"@type\":\"WebPage\",\"@id\":\"https:\\\/\\\/www.bodegasubide.com\\\/producto\\\/mendieta-reserva-caja-6-botellas\\\/\",\"url\":\"https:\\\/\\\/www.bodegasubide.com\\\/producto\\\/mendieta-reserva-caja-6-botellas\\\/\",\"name\":\"Se\u00f1or\u00edo de Mendieta Reserva - estuche madera 3 bot. - Bodegas Ubide\",\"isPartOf\":{\"@id\":\"https:\\\/\\\/www.bodegasubide.com\\\/#website\"},\"primaryImageOfPage\":{\"@id\":\"https:\\\/\\\/www.bodegasubide.com\\\/producto\\\/mendieta-reserva-caja-6-botellas\\\/#primaryimage\"},\"image\":{\"@id\":\"https:\\\/\\\/www.bodegasubide.com\\\/producto\\\/mendieta-reserva-caja-6-botellas\\\/#primaryimage\"},\"thumbnailUrl\":\"https:\\\/\\\/www.bodegasubide.com\\\/wp-content\\\/uploads\\\/2025\\\/06\\\/mendieta-reserva-caja-madera-3-botellas-bodegas-ubide.jpg.png\",\"datePublished\":\"2025-06-20T21:05:36+00:00\",\"dateModified\":\"2025-09-14T17:46:33+00:00\",\"breadcrumb\":{\"@id\":\"https:\\\/\\\/www.bodegasubide.com\\\/producto\\\/mendieta-reserva-caja-6-botellas\\\/#breadcrumb\"},\"inLanguage\":\"en-US\",\"potentialAction\":[{\"@type\":\"ReadAction\",\"target\":[\"https:\\\/\\\/www.bodegasubide.com\\\/producto\\\/mendieta-reserva-caja-6-botellas\\\/\"]}]},{\"@type\":\"ImageObject\",\"inLanguage\":\"en-US\",\"@id\":\"https:\\\/\\\/www.bodegasubide.com\\\/producto\\\/mendieta-reserva-caja-6-botellas\\\/#primaryimage\",\"url\":\"https:\\\/\\\/www.bodegasubide.com\\\/wp-content\\\/uploads\\\/2025\\\/06\\\/mendieta-reserva-caja-madera-3-botellas-bodegas-ubide.jpg.png\",\"contentUrl\":\"https:\\\/\\\/www.bodegasubide.com\\\/wp-content\\\/uploads\\\/2025\\\/06\\\/mendieta-reserva-caja-madera-3-botellas-bodegas-ubide.jpg.png\",\"width\":1536,\"height\":2048,\"caption\":\"Vino Mendieta Reserva en caja de madera de 3 botellas de Bodegas Ubide\"},{\"@type\":\"BreadcrumbList\",\"@id\":\"https:\\\/\\\/www.bodegasubide.com\\\/producto\\\/mendieta-reserva-caja-6-botellas\\\/#breadcrumb\",\"itemListElement\":[{\"@type\":\"ListItem\",\"position\":1,\"name\":\"Portada\",\"item\":\"https:\\\/\\\/www.bodegasubide.com\\\/en\\\/home\\\/\"},{\"@type\":\"ListItem\",\"position\":2,\"name\":\"Tienda\",\"item\":\"https:\\\/\\\/www.bodegasubide.com\\\/tienda\\\/\"},{\"@type\":\"ListItem\",\"position\":3,\"name\":\"Se\u00f1or\u00edo de Mendieta Reserva &#8211; estuche madera 3 bot.\"}]},{\"@type\":\"WebSite\",\"@id\":\"https:\\\/\\\/www.bodegasubide.com\\\/#website\",\"url\":\"https:\\\/\\\/www.bodegasubide.com\\\/\",\"name\":\"Bodegas Ubide\",\"description\":\"D.O. Rioja Alavesa\",\"publisher\":{\"@id\":\"https:\\\/\\\/www.bodegasubide.com\\\/#organization\"},\"potentialAction\":[{\"@type\":\"SearchAction\",\"target\":{\"@type\":\"EntryPoint\",\"urlTemplate\":\"https:\\\/\\\/www.bodegasubide.com\\\/?s={search_term_string}\"},\"query-input\":{\"@type\":\"PropertyValueSpecification\",\"valueRequired\":true,\"valueName\":\"search_term_string\"}}],\"inLanguage\":\"en-US\"},{\"@type\":\"Organization\",\"@id\":\"https:\\\/\\\/www.bodegasubide.com\\\/#organization\",\"name\":\"Bodegas Ubide\",\"url\":\"https:\\\/\\\/www.bodegasubide.com\\\/\",\"logo\":{\"@type\":\"ImageObject\",\"inLanguage\":\"en-US\",\"@id\":\"https:\\\/\\\/www.bodegasubide.com\\\/#\\\/schema\\\/logo\\\/image\\\/\",\"url\":\"https:\\\/\\\/www.bodegasubide.com\\\/wp-content\\\/uploads\\\/2025\\\/09\\\/LOGO-UBIDE-PEQUENO.png\",\"contentUrl\":\"https:\\\/\\\/www.bodegasubide.com\\\/wp-content\\\/uploads\\\/2025\\\/09\\\/LOGO-UBIDE-PEQUENO.png\",\"width\":150,\"height\":150,\"caption\":\"Bodegas Ubide\"},\"image\":{\"@id\":\"https:\\\/\\\/www.bodegasubide.com\\\/#\\\/schema\\\/logo\\\/image\\\/\"}}]}<\/script>\n<!-- \/ Yoast SEO plugin. -->","yoast_head_json":{"title":"Se\u00f1or\u00edo de Mendieta Reserva - estuche madera 3 bot. - Bodegas Ubide","robots":{"index":"index","follow":"follow","max-snippet":"max-snippet:-1","max-image-preview":"max-image-preview:large","max-video-preview":"max-video-preview:-1"},"canonical":"https:\/\/www.bodegasubide.com\/producto\/mendieta-reserva-caja-6-botellas\/","og_locale":"en_US","og_type":"article","og_title":"Se\u00f1or\u00edo de Mendieta Reserva - estuche madera 3 bot. - Bodegas Ubide","og_description":"Para obtener este vino, aplicamos la m\u00e1s rigurosa selecci\u00f3n de nuestras mejores uvas de tempranillo y mazuelo, en base a vi\u00f1edos de m\u00e1s de treinta a\u00f1os de antig\u00fcedad.  Elegimos los vinos que, procedentes \u00fanicamente de determinadas a\u00f1adas, y despu\u00e9s de dos largos a\u00f1os envejecidos en la quietud de nuestras barricas de roble americano y franc\u00e9s, son trasladados al reposo de la botella durante un m\u00ednimo de otro a\u00f1o, hasta alcanzar su \u00f3ptimo de calidad para su puesta en el mercado.  De color rojo rub\u00ed intenso, muy aterciopelado y de brillantez, encontramos un vino de armonioso aroma de guarda, con una exquisita mezcla de vainillas y especias, con profundos aromas de torrefactos.  En boca es un vino de gran personalidad, amplio, ligeramente ardiente, aunque muy redondo y largo, con un potente postgusto.","og_url":"https:\/\/www.bodegasubide.com\/producto\/mendieta-reserva-caja-6-botellas\/","og_site_name":"Bodegas Ubide","article_modified_time":"2025-09-14T17:46:33+00:00","og_image":[{"width":1536,"height":2048,"url":"https:\/\/www.bodegasubide.com\/wp-content\/uploads\/2025\/06\/mendieta-reserva-caja-madera-3-botellas-bodegas-ubide.jpg.png","type":"image\/png"}],"twitter_card":"summary_large_image","twitter_misc":{"Est. reading time":"1 minute"},"schema":{"@context":"https:\/\/schema.org","@graph":[{"@type":"WebPage","@id":"https:\/\/www.bodegasubide.com\/producto\/mendieta-reserva-caja-6-botellas\/","url":"https:\/\/www.bodegasubide.com\/producto\/mendieta-reserva-caja-6-botellas\/","name":"Se\u00f1or\u00edo de Mendieta Reserva - estuche madera 3 bot. - Bodegas Ubide","isPartOf":{"@id":"https:\/\/www.bodegasubide.com\/#website"},"primaryImageOfPage":{"@id":"https:\/\/www.bodegasubide.com\/producto\/mendieta-reserva-caja-6-botellas\/#primaryimage"},"image":{"@id":"https:\/\/www.bodegasubide.com\/producto\/mendieta-reserva-caja-6-botellas\/#primaryimage"},"thumbnailUrl":"https:\/\/www.bodegasubide.com\/wp-content\/uploads\/2025\/06\/mendieta-reserva-caja-madera-3-botellas-bodegas-ubide.jpg.png","datePublished":"2025-06-20T21:05:36+00:00","dateModified":"2025-09-14T17:46:33+00:00","breadcrumb":{"@id":"https:\/\/www.bodegasubide.com\/producto\/mendieta-reserva-caja-6-botellas\/#breadcrumb"},"inLanguage":"en-US","potentialAction":[{"@type":"ReadAction","target":["https:\/\/www.bodegasubide.com\/producto\/mendieta-reserva-caja-6-botellas\/"]}]},{"@type":"ImageObject","inLanguage":"en-US","@id":"https:\/\/www.bodegasubide.com\/producto\/mendieta-reserva-caja-6-botellas\/#primaryimage","url":"https:\/\/www.bodegasubide.com\/wp-content\/uploads\/2025\/06\/mendieta-reserva-caja-madera-3-botellas-bodegas-ubide.jpg.png","contentUrl":"https:\/\/www.bodegasubide.com\/wp-content\/uploads\/2025\/06\/mendieta-reserva-caja-madera-3-botellas-bodegas-ubide.jpg.png","width":1536,"height":2048,"caption":"Vino Mendieta Reserva en caja de madera de 3 botellas de Bodegas Ubide"},{"@type":"BreadcrumbList","@id":"https:\/\/www.bodegasubide.com\/producto\/mendieta-reserva-caja-6-botellas\/#breadcrumb","itemListElement":[{"@type":"ListItem","position":1,"name":"Portada","item":"https:\/\/www.bodegasubide.com\/en\/home\/"},{"@type":"ListItem","position":2,"name":"Tienda","item":"https:\/\/www.bodegasubide.com\/tienda\/"},{"@type":"ListItem","position":3,"name":"Se\u00f1or\u00edo de Mendieta Reserva &#8211; estuche madera 3 bot."}]},{"@type":"WebSite","@id":"https:\/\/www.bodegasubide.com\/#website","url":"https:\/\/www.bodegasubide.com\/","name":"Bodegas Ubide","description":"D.O. Rioja Alavesa","publisher":{"@id":"https:\/\/www.bodegasubide.com\/#organization"},"potentialAction":[{"@type":"SearchAction","target":{"@type":"EntryPoint","urlTemplate":"https:\/\/www.bodegasubide.com\/?s={search_term_string}"},"query-input":{"@type":"PropertyValueSpecification","valueRequired":true,"valueName":"search_term_string"}}],"inLanguage":"en-US"},{"@type":"Organization","@id":"https:\/\/www.bodegasubide.com\/#organization","name":"Bodegas Ubide","url":"https:\/\/www.bodegasubide.com\/","logo":{"@type":"ImageObject","inLanguage":"en-US","@id":"https:\/\/www.bodegasubide.com\/#\/schema\/logo\/image\/","url":"https:\/\/www.bodegasubide.com\/wp-content\/uploads\/2025\/09\/LOGO-UBIDE-PEQUENO.png","contentUrl":"https:\/\/www.bodegasubide.com\/wp-content\/uploads\/2025\/09\/LOGO-UBIDE-PEQUENO.png","width":150,"height":150,"caption":"Bodegas Ubide"},"image":{"@id":"https:\/\/www.bodegasubide.com\/#\/schema\/logo\/image\/"}}]}},"_links":{"self":[{"href":"https:\/\/www.bodegasubide.com\/en\/wp-json\/wp\/v2\/product\/4440","targetHints":{"allow":["GET"]}}],"collection":[{"href":"https:\/\/www.bodegasubide.com\/en\/wp-json\/wp\/v2\/product"}],"about":[{"href":"https:\/\/www.bodegasubide.com\/en\/wp-json\/wp\/v2\/types\/product"}],"replies":[{"embeddable":true,"href":"https:\/\/www.bodegasubide.com\/en\/wp-json\/wp\/v2\/comments?post=4440"}],"wp:featuredmedia":[{"embeddable":true,"href":"https:\/\/www.bodegasubide.com\/en\/wp-json\/wp\/v2\/media\/4697"}],"wp:attachment":[{"href":"https:\/\/www.bodegasubide.com\/en\/wp-json\/wp\/v2\/media?parent=4440"}],"wp:term":[{"taxonomy":"product_brand","embeddable":true,"href":"https:\/\/www.bodegasubide.com\/en\/wp-json\/wp\/v2\/product_brand?post=4440"},{"taxonomy":"product_cat","embeddable":true,"href":"https:\/\/www.bodegasubide.com\/en\/wp-json\/wp\/v2\/product_cat?post=4440"},{"taxonomy":"product_tag","embeddable":true,"href":"https:\/\/www.bodegasubide.com\/en\/wp-json\/wp\/v2\/product_tag?post=4440"}],"curies":[{"name":"wp","href":"https:\/\/api.w.org\/{rel}","templated":true}]}}