{"id":4247,"date":"2025-06-11T14:05:39","date_gmt":"2025-06-11T12:05:39","guid":{"rendered":"https:\/\/www.bodegasubide.com\/?post_type=product&#038;p=4247"},"modified":"2026-01-26T13:06:49","modified_gmt":"2026-01-26T12:06:49","slug":"ubide-reserva-de-la-familia","status":"publish","type":"product","link":"https:\/\/www.bodegasubide.com\/en\/producto\/ubide-reserva-de-la-familia\/","title":{"rendered":"Ubide Reserva de la Familia  &#8211; estuche madera 3 bot."},"content":{"rendered":"<div class=\"w-iconbox iconpos_left style_default color_primary align_left no_text\">\n<div class=\"w-iconbox-meta\">\n<p>A partir de un 90% de uva de la variedad <strong>tempranillo<\/strong> y peque\u00f1as aportaciones de la variedad <strong>mazuelo. <\/strong>Toda ella de <strong>vi\u00f1edos de m\u00e1s de 50 a\u00f1os<\/strong><strong>, <\/strong>procedente de Rioja Alavesa y Rioja Alta, vendimiados de noche, en peque\u00f1as cajas, a mediados del mes de octubre, obtenemos este vino reserva de alta expresi\u00f3n de color intenso, rojo rub\u00ed, con matices teja, aterciopelado y muy brillante.<\/p>\n<p>Este vino, Ubide Reserva de la Familia, ha sido guardado durante <strong>tres a\u00f1os <\/strong>en barrica nueva de r<strong>oble americano<\/strong> y<strong> seis meses <\/strong>m\u00e1s en barrica nueva de <strong>roble franc\u00e9s. <\/strong>Esto\u00a0le determina intensos y elegantes aromas de guarda y especiados, con recuerdos de frutas rojas, pimienta y vainilla.<\/p>\n<p>En boca encontramos un vino de gran cuerpo, potente, muy personal y de gran car\u00e1cter. Largo, c\u00e1lido y muy persistente, aunque muy equilibrado, redondo y armonioso.<\/p>\n<p><strong>Temperatura de consumo<\/strong><\/p>\n<p>18 \u00ba C.<\/p>\n<\/div>\n<\/div>\n","protected":false},"excerpt":{"rendered":"<p>Estuche con tres botellas de <strong data-start=\"308\" data-end=\"339\">Ubide Reserva de la Familia<\/strong>, un vino de alta expresi\u00f3n elaborado con uvas Tempranillo y Mazuelo de vi\u00f1edos de m\u00e1s de 50 a\u00f1os. Envejecido m\u00e1s de tres a\u00f1os en barrica, destaca por su elegancia, cuerpo y equilibrio, con notas de vainilla, fruta madura y especias.<\/p>\n","protected":false},"featured_media":4272,"comment_status":"closed","ping_status":"closed","template":"","meta":{"_acf_changed":false},"product_brand":[],"product_cat":[46,43],"product_tag":[],"class_list":{"0":"post-4247","1":"product","2":"type-product","3":"status-publish","4":"has-post-thumbnail","6":"product_cat-carrusel-inicio","7":"product_cat-reserva","9":"first","10":"instock","11":"featured","12":"shipping-taxable","13":"purchasable","14":"product-type-simple"},"acf":[],"yoast_head":"<!-- This site is optimized with the Yoast SEO plugin v27.4 - https:\/\/yoast.com\/product\/yoast-seo-wordpress\/ -->\n<title>Ubide Reserva de la Familia | Vino Reserva Rioja Alavesa<\/title>\n<meta name=\"description\" content=\"Vino reserva de Rioja Alavesa de alta expresi\u00f3n elaborado con tempranillo y mazuelo de vi\u00f1edos viejos. Ubide Reserva de la Familia, intenso y equilibrado.\" \/>\n<meta name=\"robots\" content=\"index, follow, max-snippet:-1, max-image-preview:large, max-video-preview:-1\" \/>\n<link rel=\"canonical\" href=\"https:\/\/www.bodegasubide.com\/producto\/ubide-reserva-de-la-familia\/\" \/>\n<meta property=\"og:locale\" content=\"en_US\" \/>\n<meta property=\"og:type\" content=\"article\" \/>\n<meta property=\"og:title\" content=\"Ubide Reserva de la Familia | Vino Reserva Rioja Alavesa\" \/>\n<meta property=\"og:description\" content=\"Vino reserva de Rioja Alavesa de alta expresi\u00f3n elaborado con tempranillo y mazuelo de vi\u00f1edos viejos. Ubide Reserva de la Familia, intenso y equilibrado.\" \/>\n<meta property=\"og:url\" content=\"https:\/\/www.bodegasubide.com\/producto\/ubide-reserva-de-la-familia\/\" \/>\n<meta property=\"og:site_name\" content=\"Bodegas Ubide\" \/>\n<meta property=\"article:modified_time\" content=\"2026-01-26T12:06:49+00:00\" \/>\n<meta property=\"og:image\" content=\"https:\/\/www.bodegasubide.com\/wp-content\/uploads\/2025\/06\/RVA-FAMILIA-SIN-FONDO-1-scaled.png\" \/>\n\t<meta property=\"og:image:width\" content=\"1708\" \/>\n\t<meta property=\"og:image:height\" content=\"2560\" \/>\n\t<meta property=\"og:image:type\" content=\"image\/png\" \/>\n<meta name=\"twitter:card\" content=\"summary_large_image\" \/>\n<meta name=\"twitter:label1\" content=\"Est. reading time\" \/>\n\t<meta name=\"twitter:data1\" content=\"1 minute\" \/>\n<script type=\"application\/ld+json\" class=\"yoast-schema-graph\">{\"@context\":\"https:\\\/\\\/schema.org\",\"@graph\":[{\"@type\":\"WebPage\",\"@id\":\"https:\\\/\\\/www.bodegasubide.com\\\/producto\\\/ubide-reserva-de-la-familia\\\/\",\"url\":\"https:\\\/\\\/www.bodegasubide.com\\\/producto\\\/ubide-reserva-de-la-familia\\\/\",\"name\":\"Ubide Reserva de la Familia | Vino Reserva Rioja Alavesa\",\"isPartOf\":{\"@id\":\"https:\\\/\\\/www.bodegasubide.com\\\/#website\"},\"primaryImageOfPage\":{\"@id\":\"https:\\\/\\\/www.bodegasubide.com\\\/producto\\\/ubide-reserva-de-la-familia\\\/#primaryimage\"},\"image\":{\"@id\":\"https:\\\/\\\/www.bodegasubide.com\\\/producto\\\/ubide-reserva-de-la-familia\\\/#primaryimage\"},\"thumbnailUrl\":\"https:\\\/\\\/www.bodegasubide.com\\\/wp-content\\\/uploads\\\/2025\\\/06\\\/RVA-FAMILIA-SIN-FONDO-1-scaled.png\",\"datePublished\":\"2025-06-11T12:05:39+00:00\",\"dateModified\":\"2026-01-26T12:06:49+00:00\",\"description\":\"Vino reserva de Rioja Alavesa de alta expresi\u00f3n elaborado con tempranillo y mazuelo de vi\u00f1edos viejos. Ubide Reserva de la Familia, intenso y equilibrado.\",\"breadcrumb\":{\"@id\":\"https:\\\/\\\/www.bodegasubide.com\\\/producto\\\/ubide-reserva-de-la-familia\\\/#breadcrumb\"},\"inLanguage\":\"en-US\",\"potentialAction\":[{\"@type\":\"ReadAction\",\"target\":[\"https:\\\/\\\/www.bodegasubide.com\\\/producto\\\/ubide-reserva-de-la-familia\\\/\"]}]},{\"@type\":\"ImageObject\",\"inLanguage\":\"en-US\",\"@id\":\"https:\\\/\\\/www.bodegasubide.com\\\/producto\\\/ubide-reserva-de-la-familia\\\/#primaryimage\",\"url\":\"https:\\\/\\\/www.bodegasubide.com\\\/wp-content\\\/uploads\\\/2025\\\/06\\\/RVA-FAMILIA-SIN-FONDO-1-scaled.png\",\"contentUrl\":\"https:\\\/\\\/www.bodegasubide.com\\\/wp-content\\\/uploads\\\/2025\\\/06\\\/RVA-FAMILIA-SIN-FONDO-1-scaled.png\",\"width\":1708,\"height\":2560},{\"@type\":\"BreadcrumbList\",\"@id\":\"https:\\\/\\\/www.bodegasubide.com\\\/producto\\\/ubide-reserva-de-la-familia\\\/#breadcrumb\",\"itemListElement\":[{\"@type\":\"ListItem\",\"position\":1,\"name\":\"Portada\",\"item\":\"https:\\\/\\\/www.bodegasubide.com\\\/en\\\/home\\\/\"},{\"@type\":\"ListItem\",\"position\":2,\"name\":\"Tienda\",\"item\":\"https:\\\/\\\/www.bodegasubide.com\\\/tienda\\\/\"},{\"@type\":\"ListItem\",\"position\":3,\"name\":\"Ubide Reserva de la Familia &#8211; estuche madera 3 bot.\"}]},{\"@type\":\"WebSite\",\"@id\":\"https:\\\/\\\/www.bodegasubide.com\\\/#website\",\"url\":\"https:\\\/\\\/www.bodegasubide.com\\\/\",\"name\":\"Bodegas Ubide\",\"description\":\"D.O. Rioja Alavesa\",\"publisher\":{\"@id\":\"https:\\\/\\\/www.bodegasubide.com\\\/#organization\"},\"potentialAction\":[{\"@type\":\"SearchAction\",\"target\":{\"@type\":\"EntryPoint\",\"urlTemplate\":\"https:\\\/\\\/www.bodegasubide.com\\\/?s={search_term_string}\"},\"query-input\":{\"@type\":\"PropertyValueSpecification\",\"valueRequired\":true,\"valueName\":\"search_term_string\"}}],\"inLanguage\":\"en-US\"},{\"@type\":\"Organization\",\"@id\":\"https:\\\/\\\/www.bodegasubide.com\\\/#organization\",\"name\":\"Bodegas Ubide\",\"url\":\"https:\\\/\\\/www.bodegasubide.com\\\/\",\"logo\":{\"@type\":\"ImageObject\",\"inLanguage\":\"en-US\",\"@id\":\"https:\\\/\\\/www.bodegasubide.com\\\/#\\\/schema\\\/logo\\\/image\\\/\",\"url\":\"https:\\\/\\\/www.bodegasubide.com\\\/wp-content\\\/uploads\\\/2025\\\/09\\\/LOGO-UBIDE-PEQUENO.png\",\"contentUrl\":\"https:\\\/\\\/www.bodegasubide.com\\\/wp-content\\\/uploads\\\/2025\\\/09\\\/LOGO-UBIDE-PEQUENO.png\",\"width\":150,\"height\":150,\"caption\":\"Bodegas Ubide\"},\"image\":{\"@id\":\"https:\\\/\\\/www.bodegasubide.com\\\/#\\\/schema\\\/logo\\\/image\\\/\"}}]}<\/script>\n<!-- \/ Yoast SEO plugin. -->","yoast_head_json":{"title":"Ubide Reserva de la Familia | Vino Reserva Rioja Alavesa","description":"Vino reserva de Rioja Alavesa de alta expresi\u00f3n elaborado con tempranillo y mazuelo de vi\u00f1edos viejos. Ubide Reserva de la Familia, intenso y equilibrado.","robots":{"index":"index","follow":"follow","max-snippet":"max-snippet:-1","max-image-preview":"max-image-preview:large","max-video-preview":"max-video-preview:-1"},"canonical":"https:\/\/www.bodegasubide.com\/producto\/ubide-reserva-de-la-familia\/","og_locale":"en_US","og_type":"article","og_title":"Ubide Reserva de la Familia | Vino Reserva Rioja Alavesa","og_description":"Vino reserva de Rioja Alavesa de alta expresi\u00f3n elaborado con tempranillo y mazuelo de vi\u00f1edos viejos. Ubide Reserva de la Familia, intenso y equilibrado.","og_url":"https:\/\/www.bodegasubide.com\/producto\/ubide-reserva-de-la-familia\/","og_site_name":"Bodegas Ubide","article_modified_time":"2026-01-26T12:06:49+00:00","og_image":[{"width":1708,"height":2560,"url":"https:\/\/www.bodegasubide.com\/wp-content\/uploads\/2025\/06\/RVA-FAMILIA-SIN-FONDO-1-scaled.png","type":"image\/png"}],"twitter_card":"summary_large_image","twitter_misc":{"Est. reading time":"1 minute"},"schema":{"@context":"https:\/\/schema.org","@graph":[{"@type":"WebPage","@id":"https:\/\/www.bodegasubide.com\/producto\/ubide-reserva-de-la-familia\/","url":"https:\/\/www.bodegasubide.com\/producto\/ubide-reserva-de-la-familia\/","name":"Ubide Reserva de la Familia | Vino Reserva Rioja Alavesa","isPartOf":{"@id":"https:\/\/www.bodegasubide.com\/#website"},"primaryImageOfPage":{"@id":"https:\/\/www.bodegasubide.com\/producto\/ubide-reserva-de-la-familia\/#primaryimage"},"image":{"@id":"https:\/\/www.bodegasubide.com\/producto\/ubide-reserva-de-la-familia\/#primaryimage"},"thumbnailUrl":"https:\/\/www.bodegasubide.com\/wp-content\/uploads\/2025\/06\/RVA-FAMILIA-SIN-FONDO-1-scaled.png","datePublished":"2025-06-11T12:05:39+00:00","dateModified":"2026-01-26T12:06:49+00:00","description":"Vino reserva de Rioja Alavesa de alta expresi\u00f3n elaborado con tempranillo y mazuelo de vi\u00f1edos viejos. Ubide Reserva de la Familia, intenso y equilibrado.","breadcrumb":{"@id":"https:\/\/www.bodegasubide.com\/producto\/ubide-reserva-de-la-familia\/#breadcrumb"},"inLanguage":"en-US","potentialAction":[{"@type":"ReadAction","target":["https:\/\/www.bodegasubide.com\/producto\/ubide-reserva-de-la-familia\/"]}]},{"@type":"ImageObject","inLanguage":"en-US","@id":"https:\/\/www.bodegasubide.com\/producto\/ubide-reserva-de-la-familia\/#primaryimage","url":"https:\/\/www.bodegasubide.com\/wp-content\/uploads\/2025\/06\/RVA-FAMILIA-SIN-FONDO-1-scaled.png","contentUrl":"https:\/\/www.bodegasubide.com\/wp-content\/uploads\/2025\/06\/RVA-FAMILIA-SIN-FONDO-1-scaled.png","width":1708,"height":2560},{"@type":"BreadcrumbList","@id":"https:\/\/www.bodegasubide.com\/producto\/ubide-reserva-de-la-familia\/#breadcrumb","itemListElement":[{"@type":"ListItem","position":1,"name":"Portada","item":"https:\/\/www.bodegasubide.com\/en\/home\/"},{"@type":"ListItem","position":2,"name":"Tienda","item":"https:\/\/www.bodegasubide.com\/tienda\/"},{"@type":"ListItem","position":3,"name":"Ubide Reserva de la Familia &#8211; estuche madera 3 bot."}]},{"@type":"WebSite","@id":"https:\/\/www.bodegasubide.com\/#website","url":"https:\/\/www.bodegasubide.com\/","name":"Bodegas Ubide","description":"D.O. Rioja Alavesa","publisher":{"@id":"https:\/\/www.bodegasubide.com\/#organization"},"potentialAction":[{"@type":"SearchAction","target":{"@type":"EntryPoint","urlTemplate":"https:\/\/www.bodegasubide.com\/?s={search_term_string}"},"query-input":{"@type":"PropertyValueSpecification","valueRequired":true,"valueName":"search_term_string"}}],"inLanguage":"en-US"},{"@type":"Organization","@id":"https:\/\/www.bodegasubide.com\/#organization","name":"Bodegas Ubide","url":"https:\/\/www.bodegasubide.com\/","logo":{"@type":"ImageObject","inLanguage":"en-US","@id":"https:\/\/www.bodegasubide.com\/#\/schema\/logo\/image\/","url":"https:\/\/www.bodegasubide.com\/wp-content\/uploads\/2025\/09\/LOGO-UBIDE-PEQUENO.png","contentUrl":"https:\/\/www.bodegasubide.com\/wp-content\/uploads\/2025\/09\/LOGO-UBIDE-PEQUENO.png","width":150,"height":150,"caption":"Bodegas Ubide"},"image":{"@id":"https:\/\/www.bodegasubide.com\/#\/schema\/logo\/image\/"}}]}},"_links":{"self":[{"href":"https:\/\/www.bodegasubide.com\/en\/wp-json\/wp\/v2\/product\/4247","targetHints":{"allow":["GET"]}}],"collection":[{"href":"https:\/\/www.bodegasubide.com\/en\/wp-json\/wp\/v2\/product"}],"about":[{"href":"https:\/\/www.bodegasubide.com\/en\/wp-json\/wp\/v2\/types\/product"}],"replies":[{"embeddable":true,"href":"https:\/\/www.bodegasubide.com\/en\/wp-json\/wp\/v2\/comments?post=4247"}],"wp:featuredmedia":[{"embeddable":true,"href":"https:\/\/www.bodegasubide.com\/en\/wp-json\/wp\/v2\/media\/4272"}],"wp:attachment":[{"href":"https:\/\/www.bodegasubide.com\/en\/wp-json\/wp\/v2\/media?parent=4247"}],"wp:term":[{"taxonomy":"product_brand","embeddable":true,"href":"https:\/\/www.bodegasubide.com\/en\/wp-json\/wp\/v2\/product_brand?post=4247"},{"taxonomy":"product_cat","embeddable":true,"href":"https:\/\/www.bodegasubide.com\/en\/wp-json\/wp\/v2\/product_cat?post=4247"},{"taxonomy":"product_tag","embeddable":true,"href":"https:\/\/www.bodegasubide.com\/en\/wp-json\/wp\/v2\/product_tag?post=4247"}],"curies":[{"name":"wp","href":"https:\/\/api.w.org\/{rel}","templated":true}]}}