{"id":4246,"date":"2025-06-11T14:05:39","date_gmt":"2025-06-11T12:05:39","guid":{"rendered":"https:\/\/www.bodegasubide.com\/?post_type=product&#038;p=4246"},"modified":"2025-12-01T14:16:44","modified_gmt":"2025-12-01T13:16:44","slug":"morestal-gran-reserva","status":"publish","type":"product","link":"https:\/\/www.bodegasubide.com\/en\/producto\/morestal-gran-reserva\/","title":{"rendered":"Morestal Gran Reserva &#8211; estuche madera 3 bot."},"content":{"rendered":"<div class=\"w-iconbox iconpos_left style_default color_primary align_left no_text\">\n<div class=\"w-iconbox-meta\">\n<p>Despu\u00e9s de la m\u00e1s rigurosa selecci\u00f3n de nuestras mejores uvas de tempranillo (95%), y mazuelo (5%), elegimos los vinos que, procedentes \u00fanicamente de determinadas a\u00f1adas y de vi\u00f1edos con m\u00e1s de cuarenta a\u00f1os de antig\u00fcedad, y despu\u00e9s de tres a\u00f1os y medio envejecidos en nuestras barricas de roble, son trasladados al reposo de la botella durante un m\u00ednimo de otros tres a\u00f1os, hasta alcanzar su \u00f3ptimo de calidad para su puesta en el mercado.<\/p>\n<p>De color rojo teja intenso, muy aterciopelado y de gran brillantez, encontramos un vino de elegantes, profundos y largos aromas de guarda.<\/p>\n<p>En boca, encontramos un vino de gran personalidad, amplio, equilibrado y largo.<\/p>\n<p class=\"w-iconbox-title\"><strong>Temperatura de consumo<\/strong><\/p>\n<\/div>\n<\/div>\n<div class=\"w-post-elm post_custom_field type_text temperatura_de_consumo\"><span class=\"w-post-elm-value\">18 \u00ba C.<\/span><\/div>\n","protected":false},"excerpt":{"rendered":"<p><strong data-start=\"60\" data-end=\"82\">Morestal Gran Reserva<\/strong> es un vino excepcional elaborado con Tempranillo y un toque de Mazuelo, procedente de vi\u00f1edos de m\u00e1s de 40 a\u00f1os. Tras m\u00e1s de seis a\u00f1os de crianza entre barrica y botella, alcanza una finura y complejidad \u00fanicas. Presenta un profundo color rojo teja y aromas largos y elegantes de guarda. En boca es amplio, equilibrado y lleno de personalidad, con un final persistente y armonioso. Perfecto para quienes buscan un gran reserva con car\u00e1cter y elegancia atemporal.<\/p>\n","protected":false},"featured_media":4269,"comment_status":"closed","ping_status":"closed","template":"","meta":{"_acf_changed":false},"product_brand":[],"product_cat":[46,43],"product_tag":[],"class_list":{"0":"post-4246","1":"product","2":"type-product","3":"status-publish","4":"has-post-thumbnail","6":"product_cat-carrusel-inicio","7":"product_cat-reserva","9":"first","10":"instock","11":"featured","12":"shipping-taxable","13":"purchasable","14":"product-type-simple"},"acf":[],"yoast_head":"<!-- This site is optimized with the Yoast SEO plugin v27.4 - https:\/\/yoast.com\/product\/yoast-seo-wordpress\/ -->\n<title>Morestal Gran Reserva - estuche madera 3 bot. - Bodegas Ubide<\/title>\n<meta name=\"description\" content=\"Morestal Gran Reserva es un vino de Rioja Alavesa elaborado con uvas de vi\u00f1edos de m\u00e1s de 40 a\u00f1os y m\u00e1s de seis a\u00f1os de crianza entre barrica y botella.\" \/>\n<meta name=\"robots\" content=\"index, follow, max-snippet:-1, max-image-preview:large, max-video-preview:-1\" \/>\n<link rel=\"canonical\" href=\"https:\/\/www.bodegasubide.com\/producto\/morestal-gran-reserva\/\" \/>\n<meta property=\"og:locale\" content=\"en_US\" \/>\n<meta property=\"og:type\" content=\"article\" \/>\n<meta property=\"og:title\" content=\"Morestal Gran Reserva - estuche madera 3 bot. - Bodegas Ubide\" \/>\n<meta property=\"og:description\" content=\"Morestal Gran Reserva es un vino de Rioja Alavesa elaborado con uvas de vi\u00f1edos de m\u00e1s de 40 a\u00f1os y m\u00e1s de seis a\u00f1os de crianza entre barrica y botella.\" \/>\n<meta property=\"og:url\" content=\"https:\/\/www.bodegasubide.com\/producto\/morestal-gran-reserva\/\" \/>\n<meta property=\"og:site_name\" content=\"Bodegas Ubide\" \/>\n<meta property=\"article:modified_time\" content=\"2025-12-01T13:16:44+00:00\" \/>\n<meta property=\"og:image\" content=\"https:\/\/www.bodegasubide.com\/wp-content\/uploads\/2025\/06\/MORESTAL-GRAN-RESERVA-scaled.png\" \/>\n\t<meta property=\"og:image:width\" content=\"1707\" \/>\n\t<meta property=\"og:image:height\" content=\"2560\" \/>\n\t<meta property=\"og:image:type\" content=\"image\/png\" \/>\n<meta name=\"twitter:card\" content=\"summary_large_image\" \/>\n<meta name=\"twitter:label1\" content=\"Est. reading time\" \/>\n\t<meta name=\"twitter:data1\" content=\"1 minute\" \/>\n<script type=\"application\/ld+json\" class=\"yoast-schema-graph\">{\"@context\":\"https:\\\/\\\/schema.org\",\"@graph\":[{\"@type\":\"WebPage\",\"@id\":\"https:\\\/\\\/www.bodegasubide.com\\\/producto\\\/morestal-gran-reserva\\\/\",\"url\":\"https:\\\/\\\/www.bodegasubide.com\\\/producto\\\/morestal-gran-reserva\\\/\",\"name\":\"Morestal Gran Reserva - estuche madera 3 bot. - Bodegas Ubide\",\"isPartOf\":{\"@id\":\"https:\\\/\\\/www.bodegasubide.com\\\/#website\"},\"primaryImageOfPage\":{\"@id\":\"https:\\\/\\\/www.bodegasubide.com\\\/producto\\\/morestal-gran-reserva\\\/#primaryimage\"},\"image\":{\"@id\":\"https:\\\/\\\/www.bodegasubide.com\\\/producto\\\/morestal-gran-reserva\\\/#primaryimage\"},\"thumbnailUrl\":\"https:\\\/\\\/www.bodegasubide.com\\\/wp-content\\\/uploads\\\/2025\\\/06\\\/MORESTAL-GRAN-RESERVA-scaled.png\",\"datePublished\":\"2025-06-11T12:05:39+00:00\",\"dateModified\":\"2025-12-01T13:16:44+00:00\",\"description\":\"Morestal Gran Reserva es un vino de Rioja Alavesa elaborado con uvas de vi\u00f1edos de m\u00e1s de 40 a\u00f1os y m\u00e1s de seis a\u00f1os de crianza entre barrica y botella.\",\"breadcrumb\":{\"@id\":\"https:\\\/\\\/www.bodegasubide.com\\\/producto\\\/morestal-gran-reserva\\\/#breadcrumb\"},\"inLanguage\":\"en-US\",\"potentialAction\":[{\"@type\":\"ReadAction\",\"target\":[\"https:\\\/\\\/www.bodegasubide.com\\\/producto\\\/morestal-gran-reserva\\\/\"]}]},{\"@type\":\"ImageObject\",\"inLanguage\":\"en-US\",\"@id\":\"https:\\\/\\\/www.bodegasubide.com\\\/producto\\\/morestal-gran-reserva\\\/#primaryimage\",\"url\":\"https:\\\/\\\/www.bodegasubide.com\\\/wp-content\\\/uploads\\\/2025\\\/06\\\/MORESTAL-GRAN-RESERVA-scaled.png\",\"contentUrl\":\"https:\\\/\\\/www.bodegasubide.com\\\/wp-content\\\/uploads\\\/2025\\\/06\\\/MORESTAL-GRAN-RESERVA-scaled.png\",\"width\":1707,\"height\":2560},{\"@type\":\"BreadcrumbList\",\"@id\":\"https:\\\/\\\/www.bodegasubide.com\\\/producto\\\/morestal-gran-reserva\\\/#breadcrumb\",\"itemListElement\":[{\"@type\":\"ListItem\",\"position\":1,\"name\":\"Portada\",\"item\":\"https:\\\/\\\/www.bodegasubide.com\\\/en\\\/home\\\/\"},{\"@type\":\"ListItem\",\"position\":2,\"name\":\"Tienda\",\"item\":\"https:\\\/\\\/www.bodegasubide.com\\\/tienda\\\/\"},{\"@type\":\"ListItem\",\"position\":3,\"name\":\"Morestal Gran Reserva &#8211; estuche madera 3 bot.\"}]},{\"@type\":\"WebSite\",\"@id\":\"https:\\\/\\\/www.bodegasubide.com\\\/#website\",\"url\":\"https:\\\/\\\/www.bodegasubide.com\\\/\",\"name\":\"Bodegas Ubide\",\"description\":\"D.O. Rioja Alavesa\",\"publisher\":{\"@id\":\"https:\\\/\\\/www.bodegasubide.com\\\/#organization\"},\"potentialAction\":[{\"@type\":\"SearchAction\",\"target\":{\"@type\":\"EntryPoint\",\"urlTemplate\":\"https:\\\/\\\/www.bodegasubide.com\\\/?s={search_term_string}\"},\"query-input\":{\"@type\":\"PropertyValueSpecification\",\"valueRequired\":true,\"valueName\":\"search_term_string\"}}],\"inLanguage\":\"en-US\"},{\"@type\":\"Organization\",\"@id\":\"https:\\\/\\\/www.bodegasubide.com\\\/#organization\",\"name\":\"Bodegas Ubide\",\"url\":\"https:\\\/\\\/www.bodegasubide.com\\\/\",\"logo\":{\"@type\":\"ImageObject\",\"inLanguage\":\"en-US\",\"@id\":\"https:\\\/\\\/www.bodegasubide.com\\\/#\\\/schema\\\/logo\\\/image\\\/\",\"url\":\"https:\\\/\\\/www.bodegasubide.com\\\/wp-content\\\/uploads\\\/2025\\\/09\\\/LOGO-UBIDE-PEQUENO.png\",\"contentUrl\":\"https:\\\/\\\/www.bodegasubide.com\\\/wp-content\\\/uploads\\\/2025\\\/09\\\/LOGO-UBIDE-PEQUENO.png\",\"width\":150,\"height\":150,\"caption\":\"Bodegas Ubide\"},\"image\":{\"@id\":\"https:\\\/\\\/www.bodegasubide.com\\\/#\\\/schema\\\/logo\\\/image\\\/\"}}]}<\/script>\n<!-- \/ Yoast SEO plugin. -->","yoast_head_json":{"title":"Morestal Gran Reserva - estuche madera 3 bot. - Bodegas Ubide","description":"Morestal Gran Reserva es un vino de Rioja Alavesa elaborado con uvas de vi\u00f1edos de m\u00e1s de 40 a\u00f1os y m\u00e1s de seis a\u00f1os de crianza entre barrica y botella.","robots":{"index":"index","follow":"follow","max-snippet":"max-snippet:-1","max-image-preview":"max-image-preview:large","max-video-preview":"max-video-preview:-1"},"canonical":"https:\/\/www.bodegasubide.com\/producto\/morestal-gran-reserva\/","og_locale":"en_US","og_type":"article","og_title":"Morestal Gran Reserva - estuche madera 3 bot. - Bodegas Ubide","og_description":"Morestal Gran Reserva es un vino de Rioja Alavesa elaborado con uvas de vi\u00f1edos de m\u00e1s de 40 a\u00f1os y m\u00e1s de seis a\u00f1os de crianza entre barrica y botella.","og_url":"https:\/\/www.bodegasubide.com\/producto\/morestal-gran-reserva\/","og_site_name":"Bodegas Ubide","article_modified_time":"2025-12-01T13:16:44+00:00","og_image":[{"width":1707,"height":2560,"url":"https:\/\/www.bodegasubide.com\/wp-content\/uploads\/2025\/06\/MORESTAL-GRAN-RESERVA-scaled.png","type":"image\/png"}],"twitter_card":"summary_large_image","twitter_misc":{"Est. reading time":"1 minute"},"schema":{"@context":"https:\/\/schema.org","@graph":[{"@type":"WebPage","@id":"https:\/\/www.bodegasubide.com\/producto\/morestal-gran-reserva\/","url":"https:\/\/www.bodegasubide.com\/producto\/morestal-gran-reserva\/","name":"Morestal Gran Reserva - estuche madera 3 bot. - Bodegas Ubide","isPartOf":{"@id":"https:\/\/www.bodegasubide.com\/#website"},"primaryImageOfPage":{"@id":"https:\/\/www.bodegasubide.com\/producto\/morestal-gran-reserva\/#primaryimage"},"image":{"@id":"https:\/\/www.bodegasubide.com\/producto\/morestal-gran-reserva\/#primaryimage"},"thumbnailUrl":"https:\/\/www.bodegasubide.com\/wp-content\/uploads\/2025\/06\/MORESTAL-GRAN-RESERVA-scaled.png","datePublished":"2025-06-11T12:05:39+00:00","dateModified":"2025-12-01T13:16:44+00:00","description":"Morestal Gran Reserva es un vino de Rioja Alavesa elaborado con uvas de vi\u00f1edos de m\u00e1s de 40 a\u00f1os y m\u00e1s de seis a\u00f1os de crianza entre barrica y botella.","breadcrumb":{"@id":"https:\/\/www.bodegasubide.com\/producto\/morestal-gran-reserva\/#breadcrumb"},"inLanguage":"en-US","potentialAction":[{"@type":"ReadAction","target":["https:\/\/www.bodegasubide.com\/producto\/morestal-gran-reserva\/"]}]},{"@type":"ImageObject","inLanguage":"en-US","@id":"https:\/\/www.bodegasubide.com\/producto\/morestal-gran-reserva\/#primaryimage","url":"https:\/\/www.bodegasubide.com\/wp-content\/uploads\/2025\/06\/MORESTAL-GRAN-RESERVA-scaled.png","contentUrl":"https:\/\/www.bodegasubide.com\/wp-content\/uploads\/2025\/06\/MORESTAL-GRAN-RESERVA-scaled.png","width":1707,"height":2560},{"@type":"BreadcrumbList","@id":"https:\/\/www.bodegasubide.com\/producto\/morestal-gran-reserva\/#breadcrumb","itemListElement":[{"@type":"ListItem","position":1,"name":"Portada","item":"https:\/\/www.bodegasubide.com\/en\/home\/"},{"@type":"ListItem","position":2,"name":"Tienda","item":"https:\/\/www.bodegasubide.com\/tienda\/"},{"@type":"ListItem","position":3,"name":"Morestal Gran Reserva &#8211; estuche madera 3 bot."}]},{"@type":"WebSite","@id":"https:\/\/www.bodegasubide.com\/#website","url":"https:\/\/www.bodegasubide.com\/","name":"Bodegas Ubide","description":"D.O. Rioja Alavesa","publisher":{"@id":"https:\/\/www.bodegasubide.com\/#organization"},"potentialAction":[{"@type":"SearchAction","target":{"@type":"EntryPoint","urlTemplate":"https:\/\/www.bodegasubide.com\/?s={search_term_string}"},"query-input":{"@type":"PropertyValueSpecification","valueRequired":true,"valueName":"search_term_string"}}],"inLanguage":"en-US"},{"@type":"Organization","@id":"https:\/\/www.bodegasubide.com\/#organization","name":"Bodegas Ubide","url":"https:\/\/www.bodegasubide.com\/","logo":{"@type":"ImageObject","inLanguage":"en-US","@id":"https:\/\/www.bodegasubide.com\/#\/schema\/logo\/image\/","url":"https:\/\/www.bodegasubide.com\/wp-content\/uploads\/2025\/09\/LOGO-UBIDE-PEQUENO.png","contentUrl":"https:\/\/www.bodegasubide.com\/wp-content\/uploads\/2025\/09\/LOGO-UBIDE-PEQUENO.png","width":150,"height":150,"caption":"Bodegas Ubide"},"image":{"@id":"https:\/\/www.bodegasubide.com\/#\/schema\/logo\/image\/"}}]}},"_links":{"self":[{"href":"https:\/\/www.bodegasubide.com\/en\/wp-json\/wp\/v2\/product\/4246","targetHints":{"allow":["GET"]}}],"collection":[{"href":"https:\/\/www.bodegasubide.com\/en\/wp-json\/wp\/v2\/product"}],"about":[{"href":"https:\/\/www.bodegasubide.com\/en\/wp-json\/wp\/v2\/types\/product"}],"replies":[{"embeddable":true,"href":"https:\/\/www.bodegasubide.com\/en\/wp-json\/wp\/v2\/comments?post=4246"}],"wp:featuredmedia":[{"embeddable":true,"href":"https:\/\/www.bodegasubide.com\/en\/wp-json\/wp\/v2\/media\/4269"}],"wp:attachment":[{"href":"https:\/\/www.bodegasubide.com\/en\/wp-json\/wp\/v2\/media?parent=4246"}],"wp:term":[{"taxonomy":"product_brand","embeddable":true,"href":"https:\/\/www.bodegasubide.com\/en\/wp-json\/wp\/v2\/product_brand?post=4246"},{"taxonomy":"product_cat","embeddable":true,"href":"https:\/\/www.bodegasubide.com\/en\/wp-json\/wp\/v2\/product_cat?post=4246"},{"taxonomy":"product_tag","embeddable":true,"href":"https:\/\/www.bodegasubide.com\/en\/wp-json\/wp\/v2\/product_tag?post=4246"}],"curies":[{"name":"wp","href":"https:\/\/api.w.org\/{rel}","templated":true}]}}