{"id":4244,"date":"2025-06-11T14:05:38","date_gmt":"2025-06-11T12:05:38","guid":{"rendered":"https:\/\/www.bodegasubide.com\/?post_type=product&#038;p=4244"},"modified":"2025-12-01T15:10:58","modified_gmt":"2025-12-01T14:10:58","slug":"senorio-de-mendieta-crianza","status":"publish","type":"product","link":"https:\/\/www.bodegasubide.com\/en\/producto\/senorio-de-mendieta-crianza\/","title":{"rendered":"Se\u00f1or\u00edo de Mendieta Crianza &#8211; caja 6 bot."},"content":{"rendered":"<div class=\"w-iconbox iconpos_left style_default color_primary align_left no_text\">\n<div class=\"w-iconbox-meta\">\n<p data-start=\"173\" data-end=\"519\"><strong data-start=\"173\" data-end=\"188\">Elaboraci\u00f3n<\/strong><br data-start=\"188\" data-end=\"191\" \/>El <strong data-start=\"1259\" data-end=\"1304\">Se\u00f1or\u00edo de Mendieta Crianza<\/strong>\u00a0es un vino tinto que refleja la esencia de esta tierra \u00fanica, elaborada principalmente con la variedad Tempranillo (95%) y un peque\u00f1o aporte de Mazuelo (5%). Vendimiado a mano en la primera quincena de octubre, se fermenta a temperatura controlada de 27 \u00baC y reposa durante 16 meses en barrica de roble americano seminueva de dos a\u00f1os. El resultado es un crianza elegante, equilibrado y lleno de matices.<\/p>\n<p data-start=\"521\" data-end=\"540\"><strong data-start=\"521\" data-end=\"538\">Notas de cata<\/strong><\/p>\n<ul data-start=\"541\" data-end=\"906\">\n<li data-start=\"541\" data-end=\"619\">\n<p data-start=\"543\" data-end=\"619\"><strong data-start=\"543\" data-end=\"553\">Vista:<\/strong> Color rojo granate cereza con ribetes teja, brillante y limpio.<\/p>\n<\/li>\n<li data-start=\"620\" data-end=\"738\">\n<p data-start=\"622\" data-end=\"738\"><strong data-start=\"622\" data-end=\"632\">Nariz:<\/strong> Aromas intensos de frutas rojas maduras, perfectamente integrados con recuerdos de la crianza en roble.<\/p>\n<\/li>\n<li data-start=\"739\" data-end=\"906\">\n<p data-start=\"741\" data-end=\"906\"><strong data-start=\"741\" data-end=\"750\">Boca:<\/strong> Vino equilibrado, redondo y c\u00e1lido. Su retronasal es persistente y larga, dejando una sensaci\u00f3n arm\u00f3nica entre lo frutal, lo especiado y la noble madera.<\/p>\n<\/li>\n<\/ul>\n<p data-start=\"908\" data-end=\"1033\"><strong data-start=\"908\" data-end=\"935\">Temperatura de servicio<\/strong><br data-start=\"935\" data-end=\"938\" \/>Se recomienda degustar a una temperatura \u00f3ptima de <strong data-start=\"963\" data-end=\"972\">18 \u00b0C<\/strong> para disfrutar de todo su potencial arom\u00e1tico y gustativo.<\/p>\n<p data-start=\"1035\" data-end=\"1071\"><strong data-start=\"1035\" data-end=\"1055\">Grado alcoh\u00f3lico<\/strong><br data-start=\"1055\" data-end=\"1058\" \/>13,2 % vol.<\/p>\n<p data-start=\"1073\" data-end=\"1198\"><strong data-start=\"1073\" data-end=\"1085\">Maridaje<\/strong><br data-start=\"1085\" data-end=\"1088\" \/>Nuestro Se\u00f1or\u00edo de Mendieta Crianza es ideal para acompa\u00f1ar carnes rojas, cordero asado, guisos tradicionales, embutidos ib\u00e9ricos y quesos curados.<\/p>\n<\/div>\n<\/div>\n","protected":false},"excerpt":{"rendered":"<p>Vino crianza elaborado principalmente con Tempranillo de Rioja Alavesa y un toque de Mazuelo. Equilibrado y elegante, destaca por sus notas de frutas rojas, matices especiados y un final persistente.<\/p>\n","protected":false},"featured_media":4263,"comment_status":"open","ping_status":"closed","template":"","meta":{"_acf_changed":false},"product_brand":[],"product_cat":[46,42],"product_tag":[],"class_list":{"0":"post-4244","1":"product","2":"type-product","3":"status-publish","4":"has-post-thumbnail","6":"product_cat-carrusel-inicio","7":"product_cat-crianza","9":"first","10":"instock","11":"sale","12":"featured","13":"shipping-taxable","14":"purchasable","15":"product-type-simple"},"acf":[],"yoast_head":"<!-- This site is optimized with the Yoast SEO plugin v27.4 - https:\/\/yoast.com\/product\/yoast-seo-wordpress\/ -->\n<title>Se\u00f1or\u00edo de Mendieta Crianza \u2013 Vino Rioja Alavesa<\/title>\n<meta name=\"description\" content=\"Se\u00f1or\u00edo de Mendieta Crianza Rioja Alavesa, un vino tinto equilibrado y elegante con notas frutales y especiadas. Descubre su esencia \u00fanica.\" \/>\n<meta name=\"robots\" content=\"index, follow, max-snippet:-1, max-image-preview:large, max-video-preview:-1\" \/>\n<link rel=\"canonical\" href=\"https:\/\/www.bodegasubide.com\/producto\/senorio-de-mendieta-crianza\/\" \/>\n<meta property=\"og:locale\" content=\"en_US\" \/>\n<meta property=\"og:type\" content=\"article\" \/>\n<meta property=\"og:title\" content=\"Se\u00f1or\u00edo de Mendieta Crianza \u2013 Vino Rioja Alavesa\" \/>\n<meta property=\"og:description\" content=\"Se\u00f1or\u00edo de Mendieta Crianza Rioja Alavesa, un vino tinto equilibrado y elegante con notas frutales y especiadas. Descubre su esencia \u00fanica.\" \/>\n<meta property=\"og:url\" content=\"https:\/\/www.bodegasubide.com\/producto\/senorio-de-mendieta-crianza\/\" \/>\n<meta property=\"og:site_name\" content=\"Bodegas Ubide\" \/>\n<meta property=\"article:modified_time\" content=\"2025-12-01T14:10:58+00:00\" \/>\n<meta property=\"og:image\" content=\"https:\/\/www.bodegasubide.com\/wp-content\/uploads\/2025\/06\/MENDIETA-CRIANZA-scaled.png\" \/>\n\t<meta property=\"og:image:width\" content=\"1707\" \/>\n\t<meta property=\"og:image:height\" content=\"2560\" \/>\n\t<meta property=\"og:image:type\" content=\"image\/png\" \/>\n<meta name=\"twitter:card\" content=\"summary_large_image\" \/>\n<meta name=\"twitter:label1\" content=\"Est. reading time\" \/>\n\t<meta name=\"twitter:data1\" content=\"2 minutes\" \/>\n<script type=\"application\/ld+json\" class=\"yoast-schema-graph\">{\"@context\":\"https:\\\/\\\/schema.org\",\"@graph\":[{\"@type\":\"WebPage\",\"@id\":\"https:\\\/\\\/www.bodegasubide.com\\\/producto\\\/senorio-de-mendieta-crianza\\\/\",\"url\":\"https:\\\/\\\/www.bodegasubide.com\\\/producto\\\/senorio-de-mendieta-crianza\\\/\",\"name\":\"Se\u00f1or\u00edo de Mendieta Crianza \u2013 Vino Rioja Alavesa\",\"isPartOf\":{\"@id\":\"https:\\\/\\\/www.bodegasubide.com\\\/#website\"},\"primaryImageOfPage\":{\"@id\":\"https:\\\/\\\/www.bodegasubide.com\\\/producto\\\/senorio-de-mendieta-crianza\\\/#primaryimage\"},\"image\":{\"@id\":\"https:\\\/\\\/www.bodegasubide.com\\\/producto\\\/senorio-de-mendieta-crianza\\\/#primaryimage\"},\"thumbnailUrl\":\"https:\\\/\\\/www.bodegasubide.com\\\/wp-content\\\/uploads\\\/2025\\\/06\\\/MENDIETA-CRIANZA-scaled.png\",\"datePublished\":\"2025-06-11T12:05:38+00:00\",\"dateModified\":\"2025-12-01T14:10:58+00:00\",\"description\":\"Se\u00f1or\u00edo de Mendieta Crianza Rioja Alavesa, un vino tinto equilibrado y elegante con notas frutales y especiadas. Descubre su esencia \u00fanica.\",\"breadcrumb\":{\"@id\":\"https:\\\/\\\/www.bodegasubide.com\\\/producto\\\/senorio-de-mendieta-crianza\\\/#breadcrumb\"},\"inLanguage\":\"en-US\",\"potentialAction\":[{\"@type\":\"ReadAction\",\"target\":[\"https:\\\/\\\/www.bodegasubide.com\\\/producto\\\/senorio-de-mendieta-crianza\\\/\"]}]},{\"@type\":\"ImageObject\",\"inLanguage\":\"en-US\",\"@id\":\"https:\\\/\\\/www.bodegasubide.com\\\/producto\\\/senorio-de-mendieta-crianza\\\/#primaryimage\",\"url\":\"https:\\\/\\\/www.bodegasubide.com\\\/wp-content\\\/uploads\\\/2025\\\/06\\\/MENDIETA-CRIANZA-scaled.png\",\"contentUrl\":\"https:\\\/\\\/www.bodegasubide.com\\\/wp-content\\\/uploads\\\/2025\\\/06\\\/MENDIETA-CRIANZA-scaled.png\",\"width\":1707,\"height\":2560,\"caption\":\"Mendieta Crianza\"},{\"@type\":\"BreadcrumbList\",\"@id\":\"https:\\\/\\\/www.bodegasubide.com\\\/producto\\\/senorio-de-mendieta-crianza\\\/#breadcrumb\",\"itemListElement\":[{\"@type\":\"ListItem\",\"position\":1,\"name\":\"Portada\",\"item\":\"https:\\\/\\\/www.bodegasubide.com\\\/en\\\/home\\\/\"},{\"@type\":\"ListItem\",\"position\":2,\"name\":\"Tienda\",\"item\":\"https:\\\/\\\/www.bodegasubide.com\\\/tienda\\\/\"},{\"@type\":\"ListItem\",\"position\":3,\"name\":\"Se\u00f1or\u00edo de Mendieta Crianza &#8211; caja 6 bot.\"}]},{\"@type\":\"WebSite\",\"@id\":\"https:\\\/\\\/www.bodegasubide.com\\\/#website\",\"url\":\"https:\\\/\\\/www.bodegasubide.com\\\/\",\"name\":\"Bodegas Ubide\",\"description\":\"D.O. Rioja Alavesa\",\"publisher\":{\"@id\":\"https:\\\/\\\/www.bodegasubide.com\\\/#organization\"},\"potentialAction\":[{\"@type\":\"SearchAction\",\"target\":{\"@type\":\"EntryPoint\",\"urlTemplate\":\"https:\\\/\\\/www.bodegasubide.com\\\/?s={search_term_string}\"},\"query-input\":{\"@type\":\"PropertyValueSpecification\",\"valueRequired\":true,\"valueName\":\"search_term_string\"}}],\"inLanguage\":\"en-US\"},{\"@type\":\"Organization\",\"@id\":\"https:\\\/\\\/www.bodegasubide.com\\\/#organization\",\"name\":\"Bodegas Ubide\",\"url\":\"https:\\\/\\\/www.bodegasubide.com\\\/\",\"logo\":{\"@type\":\"ImageObject\",\"inLanguage\":\"en-US\",\"@id\":\"https:\\\/\\\/www.bodegasubide.com\\\/#\\\/schema\\\/logo\\\/image\\\/\",\"url\":\"https:\\\/\\\/www.bodegasubide.com\\\/wp-content\\\/uploads\\\/2025\\\/09\\\/LOGO-UBIDE-PEQUENO.png\",\"contentUrl\":\"https:\\\/\\\/www.bodegasubide.com\\\/wp-content\\\/uploads\\\/2025\\\/09\\\/LOGO-UBIDE-PEQUENO.png\",\"width\":150,\"height\":150,\"caption\":\"Bodegas Ubide\"},\"image\":{\"@id\":\"https:\\\/\\\/www.bodegasubide.com\\\/#\\\/schema\\\/logo\\\/image\\\/\"}}]}<\/script>\n<!-- \/ Yoast SEO plugin. -->","yoast_head_json":{"title":"Se\u00f1or\u00edo de Mendieta Crianza \u2013 Vino Rioja Alavesa","description":"Se\u00f1or\u00edo de Mendieta Crianza Rioja Alavesa, un vino tinto equilibrado y elegante con notas frutales y especiadas. Descubre su esencia \u00fanica.","robots":{"index":"index","follow":"follow","max-snippet":"max-snippet:-1","max-image-preview":"max-image-preview:large","max-video-preview":"max-video-preview:-1"},"canonical":"https:\/\/www.bodegasubide.com\/producto\/senorio-de-mendieta-crianza\/","og_locale":"en_US","og_type":"article","og_title":"Se\u00f1or\u00edo de Mendieta Crianza \u2013 Vino Rioja Alavesa","og_description":"Se\u00f1or\u00edo de Mendieta Crianza Rioja Alavesa, un vino tinto equilibrado y elegante con notas frutales y especiadas. Descubre su esencia \u00fanica.","og_url":"https:\/\/www.bodegasubide.com\/producto\/senorio-de-mendieta-crianza\/","og_site_name":"Bodegas Ubide","article_modified_time":"2025-12-01T14:10:58+00:00","og_image":[{"width":1707,"height":2560,"url":"https:\/\/www.bodegasubide.com\/wp-content\/uploads\/2025\/06\/MENDIETA-CRIANZA-scaled.png","type":"image\/png"}],"twitter_card":"summary_large_image","twitter_misc":{"Est. reading time":"2 minutes"},"schema":{"@context":"https:\/\/schema.org","@graph":[{"@type":"WebPage","@id":"https:\/\/www.bodegasubide.com\/producto\/senorio-de-mendieta-crianza\/","url":"https:\/\/www.bodegasubide.com\/producto\/senorio-de-mendieta-crianza\/","name":"Se\u00f1or\u00edo de Mendieta Crianza \u2013 Vino Rioja Alavesa","isPartOf":{"@id":"https:\/\/www.bodegasubide.com\/#website"},"primaryImageOfPage":{"@id":"https:\/\/www.bodegasubide.com\/producto\/senorio-de-mendieta-crianza\/#primaryimage"},"image":{"@id":"https:\/\/www.bodegasubide.com\/producto\/senorio-de-mendieta-crianza\/#primaryimage"},"thumbnailUrl":"https:\/\/www.bodegasubide.com\/wp-content\/uploads\/2025\/06\/MENDIETA-CRIANZA-scaled.png","datePublished":"2025-06-11T12:05:38+00:00","dateModified":"2025-12-01T14:10:58+00:00","description":"Se\u00f1or\u00edo de Mendieta Crianza Rioja Alavesa, un vino tinto equilibrado y elegante con notas frutales y especiadas. Descubre su esencia \u00fanica.","breadcrumb":{"@id":"https:\/\/www.bodegasubide.com\/producto\/senorio-de-mendieta-crianza\/#breadcrumb"},"inLanguage":"en-US","potentialAction":[{"@type":"ReadAction","target":["https:\/\/www.bodegasubide.com\/producto\/senorio-de-mendieta-crianza\/"]}]},{"@type":"ImageObject","inLanguage":"en-US","@id":"https:\/\/www.bodegasubide.com\/producto\/senorio-de-mendieta-crianza\/#primaryimage","url":"https:\/\/www.bodegasubide.com\/wp-content\/uploads\/2025\/06\/MENDIETA-CRIANZA-scaled.png","contentUrl":"https:\/\/www.bodegasubide.com\/wp-content\/uploads\/2025\/06\/MENDIETA-CRIANZA-scaled.png","width":1707,"height":2560,"caption":"Mendieta Crianza"},{"@type":"BreadcrumbList","@id":"https:\/\/www.bodegasubide.com\/producto\/senorio-de-mendieta-crianza\/#breadcrumb","itemListElement":[{"@type":"ListItem","position":1,"name":"Portada","item":"https:\/\/www.bodegasubide.com\/en\/home\/"},{"@type":"ListItem","position":2,"name":"Tienda","item":"https:\/\/www.bodegasubide.com\/tienda\/"},{"@type":"ListItem","position":3,"name":"Se\u00f1or\u00edo de Mendieta Crianza &#8211; caja 6 bot."}]},{"@type":"WebSite","@id":"https:\/\/www.bodegasubide.com\/#website","url":"https:\/\/www.bodegasubide.com\/","name":"Bodegas Ubide","description":"D.O. Rioja Alavesa","publisher":{"@id":"https:\/\/www.bodegasubide.com\/#organization"},"potentialAction":[{"@type":"SearchAction","target":{"@type":"EntryPoint","urlTemplate":"https:\/\/www.bodegasubide.com\/?s={search_term_string}"},"query-input":{"@type":"PropertyValueSpecification","valueRequired":true,"valueName":"search_term_string"}}],"inLanguage":"en-US"},{"@type":"Organization","@id":"https:\/\/www.bodegasubide.com\/#organization","name":"Bodegas Ubide","url":"https:\/\/www.bodegasubide.com\/","logo":{"@type":"ImageObject","inLanguage":"en-US","@id":"https:\/\/www.bodegasubide.com\/#\/schema\/logo\/image\/","url":"https:\/\/www.bodegasubide.com\/wp-content\/uploads\/2025\/09\/LOGO-UBIDE-PEQUENO.png","contentUrl":"https:\/\/www.bodegasubide.com\/wp-content\/uploads\/2025\/09\/LOGO-UBIDE-PEQUENO.png","width":150,"height":150,"caption":"Bodegas Ubide"},"image":{"@id":"https:\/\/www.bodegasubide.com\/#\/schema\/logo\/image\/"}}]}},"_links":{"self":[{"href":"https:\/\/www.bodegasubide.com\/en\/wp-json\/wp\/v2\/product\/4244","targetHints":{"allow":["GET"]}}],"collection":[{"href":"https:\/\/www.bodegasubide.com\/en\/wp-json\/wp\/v2\/product"}],"about":[{"href":"https:\/\/www.bodegasubide.com\/en\/wp-json\/wp\/v2\/types\/product"}],"replies":[{"embeddable":true,"href":"https:\/\/www.bodegasubide.com\/en\/wp-json\/wp\/v2\/comments?post=4244"}],"wp:featuredmedia":[{"embeddable":true,"href":"https:\/\/www.bodegasubide.com\/en\/wp-json\/wp\/v2\/media\/4263"}],"wp:attachment":[{"href":"https:\/\/www.bodegasubide.com\/en\/wp-json\/wp\/v2\/media?parent=4244"}],"wp:term":[{"taxonomy":"product_brand","embeddable":true,"href":"https:\/\/www.bodegasubide.com\/en\/wp-json\/wp\/v2\/product_brand?post=4244"},{"taxonomy":"product_cat","embeddable":true,"href":"https:\/\/www.bodegasubide.com\/en\/wp-json\/wp\/v2\/product_cat?post=4244"},{"taxonomy":"product_tag","embeddable":true,"href":"https:\/\/www.bodegasubide.com\/en\/wp-json\/wp\/v2\/product_tag?post=4244"}],"curies":[{"name":"wp","href":"https:\/\/api.w.org\/{rel}","templated":true}]}}