{"id":4243,"date":"2025-06-11T14:05:38","date_gmt":"2025-06-11T12:05:38","guid":{"rendered":"https:\/\/www.bodegasubide.com\/?post_type=product&#038;p=4243"},"modified":"2026-01-09T12:58:35","modified_gmt":"2026-01-09T11:58:35","slug":"senorio-de-mendieta-reserva","status":"publish","type":"product","link":"https:\/\/www.bodegasubide.com\/en\/producto\/senorio-de-mendieta-reserva\/","title":{"rendered":"Se\u00f1or\u00edo de Mendieta Reserva &#8211; caja 6 bot."},"content":{"rendered":"<div class=\"w-iconbox iconpos_left style_default color_primary align_left no_text\">\n<div class=\"w-iconbox-meta\">\n<p>Para obtener este vino, aplicamos la m\u00e1s rigurosa selecci\u00f3n de nuestras mejores uvas de <strong>tempranillo<\/strong> y <strong>mazuelo<\/strong>, en base a vi\u00f1edos de <strong>m\u00e1s de treinta a\u00f1os<\/strong> de antig\u00fcedad.<\/p>\n<p>Elegimos los vinos que, procedentes \u00fanicamente de determinadas a\u00f1adas, y despu\u00e9s de <strong>dos largos a\u00f1os envejecidos en la quietud de nuestras barricas de roble americano y franc\u00e9s<\/strong>, son trasladados al<strong> reposo de la botella durante un m\u00ednimo de otro a\u00f1o<\/strong>, hasta alcanzar su \u00f3ptimo de calidad para su puesta en el mercado.<\/p>\n<p>De color rojo rub\u00ed intenso, muy aterciopelado y de brillantez, encontramos un vino de armonioso aroma de guarda, con una exquisita mezcla de vainillas y especias, con profundos aromas de torrefactos.<\/p>\n<p>En boca es un vino de gran personalidad, amplio, ligeramente ardiente, aunque muy redondo y largo, con un potente postgusto.<\/p>\n<p class=\"w-iconbox-title\"><strong>Temperatura de consumo: <\/strong>18 \u00ba C<\/p>\n<\/div>\n<\/div>\n","protected":false},"excerpt":{"rendered":"<p><strong data-start=\"60\" data-end=\"77\">Ubide Reserva<\/strong> es un vino elaborado con la mejor selecci\u00f3n de uvas Tempranillo y Mazuelo de vi\u00f1edos de m\u00e1s de 30 a\u00f1os. Tras dos a\u00f1os en barricas de roble americano y franc\u00e9s y un m\u00ednimo de un a\u00f1o en botella, alcanza una sofisticada armon\u00eda. De color rojo rub\u00ed intenso, ofrece aromas de vainilla, especias y notas torrefactas. En boca es amplio, redondo y largo, con un final potente y lleno de personalidad. Ideal para quienes buscan un reserva con car\u00e1cter y elegancia.<\/p>\n","protected":false},"featured_media":4260,"comment_status":"closed","ping_status":"closed","template":"","meta":{"_acf_changed":false},"product_brand":[],"product_cat":[46,43],"product_tag":[],"class_list":{"0":"post-4243","1":"product","2":"type-product","3":"status-publish","4":"has-post-thumbnail","6":"product_cat-carrusel-inicio","7":"product_cat-reserva","9":"first","10":"instock","11":"sale","12":"featured","13":"shipping-taxable","14":"purchasable","15":"product-type-simple"},"acf":[],"yoast_head":"<!-- This site is optimized with the Yoast SEO plugin v27.4 - https:\/\/yoast.com\/product\/yoast-seo-wordpress\/ -->\n<title>Ubide Reserva | Vino Reserva de Rioja Alavesa<\/title>\n<meta name=\"description\" content=\"Descubre Ubide Reserva, un vino de Rioja Alavesa elaborado con uvas de vi\u00f1edos de m\u00e1s de 30 a\u00f1os y una crianza de 2 a\u00f1os en barrica y 1 en botella.\" \/>\n<meta name=\"robots\" content=\"index, follow, max-snippet:-1, max-image-preview:large, max-video-preview:-1\" \/>\n<link rel=\"canonical\" href=\"https:\/\/www.bodegasubide.com\/producto\/senorio-de-mendieta-reserva\/\" \/>\n<meta property=\"og:locale\" content=\"en_US\" \/>\n<meta property=\"og:type\" content=\"article\" \/>\n<meta property=\"og:title\" content=\"Ubide Reserva | Vino Reserva de Rioja Alavesa\" \/>\n<meta property=\"og:description\" content=\"Descubre Ubide Reserva, un vino de Rioja Alavesa elaborado con uvas de vi\u00f1edos de m\u00e1s de 30 a\u00f1os y una crianza de 2 a\u00f1os en barrica y 1 en botella.\" \/>\n<meta property=\"og:url\" content=\"https:\/\/www.bodegasubide.com\/producto\/senorio-de-mendieta-reserva\/\" \/>\n<meta property=\"og:site_name\" content=\"Bodegas Ubide\" \/>\n<meta property=\"article:modified_time\" content=\"2026-01-09T11:58:35+00:00\" \/>\n<meta property=\"og:image\" content=\"https:\/\/www.bodegasubide.com\/wp-content\/uploads\/2025\/06\/MENDIETA-RESERVA-scaled.png\" \/>\n\t<meta property=\"og:image:width\" content=\"1707\" \/>\n\t<meta property=\"og:image:height\" content=\"2560\" \/>\n\t<meta property=\"og:image:type\" content=\"image\/png\" \/>\n<meta name=\"twitter:card\" content=\"summary_large_image\" \/>\n<meta name=\"twitter:label1\" content=\"Est. reading time\" \/>\n\t<meta name=\"twitter:data1\" content=\"1 minute\" \/>\n<script type=\"application\/ld+json\" class=\"yoast-schema-graph\">{\"@context\":\"https:\\\/\\\/schema.org\",\"@graph\":[{\"@type\":\"WebPage\",\"@id\":\"https:\\\/\\\/www.bodegasubide.com\\\/producto\\\/senorio-de-mendieta-reserva\\\/\",\"url\":\"https:\\\/\\\/www.bodegasubide.com\\\/producto\\\/senorio-de-mendieta-reserva\\\/\",\"name\":\"Ubide Reserva | Vino Reserva de Rioja Alavesa\",\"isPartOf\":{\"@id\":\"https:\\\/\\\/www.bodegasubide.com\\\/#website\"},\"primaryImageOfPage\":{\"@id\":\"https:\\\/\\\/www.bodegasubide.com\\\/producto\\\/senorio-de-mendieta-reserva\\\/#primaryimage\"},\"image\":{\"@id\":\"https:\\\/\\\/www.bodegasubide.com\\\/producto\\\/senorio-de-mendieta-reserva\\\/#primaryimage\"},\"thumbnailUrl\":\"https:\\\/\\\/www.bodegasubide.com\\\/wp-content\\\/uploads\\\/2025\\\/06\\\/MENDIETA-RESERVA-scaled.png\",\"datePublished\":\"2025-06-11T12:05:38+00:00\",\"dateModified\":\"2026-01-09T11:58:35+00:00\",\"description\":\"Descubre Ubide Reserva, un vino de Rioja Alavesa elaborado con uvas de vi\u00f1edos de m\u00e1s de 30 a\u00f1os y una crianza de 2 a\u00f1os en barrica y 1 en botella.\",\"breadcrumb\":{\"@id\":\"https:\\\/\\\/www.bodegasubide.com\\\/producto\\\/senorio-de-mendieta-reserva\\\/#breadcrumb\"},\"inLanguage\":\"en-US\",\"potentialAction\":[{\"@type\":\"ReadAction\",\"target\":[\"https:\\\/\\\/www.bodegasubide.com\\\/producto\\\/senorio-de-mendieta-reserva\\\/\"]}]},{\"@type\":\"ImageObject\",\"inLanguage\":\"en-US\",\"@id\":\"https:\\\/\\\/www.bodegasubide.com\\\/producto\\\/senorio-de-mendieta-reserva\\\/#primaryimage\",\"url\":\"https:\\\/\\\/www.bodegasubide.com\\\/wp-content\\\/uploads\\\/2025\\\/06\\\/MENDIETA-RESERVA-scaled.png\",\"contentUrl\":\"https:\\\/\\\/www.bodegasubide.com\\\/wp-content\\\/uploads\\\/2025\\\/06\\\/MENDIETA-RESERVA-scaled.png\",\"width\":1707,\"height\":2560,\"caption\":\"Mendieta Reserva\"},{\"@type\":\"BreadcrumbList\",\"@id\":\"https:\\\/\\\/www.bodegasubide.com\\\/producto\\\/senorio-de-mendieta-reserva\\\/#breadcrumb\",\"itemListElement\":[{\"@type\":\"ListItem\",\"position\":1,\"name\":\"Portada\",\"item\":\"https:\\\/\\\/www.bodegasubide.com\\\/en\\\/home\\\/\"},{\"@type\":\"ListItem\",\"position\":2,\"name\":\"Tienda\",\"item\":\"https:\\\/\\\/www.bodegasubide.com\\\/tienda\\\/\"},{\"@type\":\"ListItem\",\"position\":3,\"name\":\"Se\u00f1or\u00edo de Mendieta Reserva &#8211; caja 6 bot.\"}]},{\"@type\":\"WebSite\",\"@id\":\"https:\\\/\\\/www.bodegasubide.com\\\/#website\",\"url\":\"https:\\\/\\\/www.bodegasubide.com\\\/\",\"name\":\"Bodegas Ubide\",\"description\":\"D.O. Rioja Alavesa\",\"publisher\":{\"@id\":\"https:\\\/\\\/www.bodegasubide.com\\\/#organization\"},\"potentialAction\":[{\"@type\":\"SearchAction\",\"target\":{\"@type\":\"EntryPoint\",\"urlTemplate\":\"https:\\\/\\\/www.bodegasubide.com\\\/?s={search_term_string}\"},\"query-input\":{\"@type\":\"PropertyValueSpecification\",\"valueRequired\":true,\"valueName\":\"search_term_string\"}}],\"inLanguage\":\"en-US\"},{\"@type\":\"Organization\",\"@id\":\"https:\\\/\\\/www.bodegasubide.com\\\/#organization\",\"name\":\"Bodegas Ubide\",\"url\":\"https:\\\/\\\/www.bodegasubide.com\\\/\",\"logo\":{\"@type\":\"ImageObject\",\"inLanguage\":\"en-US\",\"@id\":\"https:\\\/\\\/www.bodegasubide.com\\\/#\\\/schema\\\/logo\\\/image\\\/\",\"url\":\"https:\\\/\\\/www.bodegasubide.com\\\/wp-content\\\/uploads\\\/2025\\\/09\\\/LOGO-UBIDE-PEQUENO.png\",\"contentUrl\":\"https:\\\/\\\/www.bodegasubide.com\\\/wp-content\\\/uploads\\\/2025\\\/09\\\/LOGO-UBIDE-PEQUENO.png\",\"width\":150,\"height\":150,\"caption\":\"Bodegas Ubide\"},\"image\":{\"@id\":\"https:\\\/\\\/www.bodegasubide.com\\\/#\\\/schema\\\/logo\\\/image\\\/\"}}]}<\/script>\n<!-- \/ Yoast SEO plugin. -->","yoast_head_json":{"title":"Ubide Reserva | Vino Reserva de Rioja Alavesa","description":"Descubre Ubide Reserva, un vino de Rioja Alavesa elaborado con uvas de vi\u00f1edos de m\u00e1s de 30 a\u00f1os y una crianza de 2 a\u00f1os en barrica y 1 en botella.","robots":{"index":"index","follow":"follow","max-snippet":"max-snippet:-1","max-image-preview":"max-image-preview:large","max-video-preview":"max-video-preview:-1"},"canonical":"https:\/\/www.bodegasubide.com\/producto\/senorio-de-mendieta-reserva\/","og_locale":"en_US","og_type":"article","og_title":"Ubide Reserva | Vino Reserva de Rioja Alavesa","og_description":"Descubre Ubide Reserva, un vino de Rioja Alavesa elaborado con uvas de vi\u00f1edos de m\u00e1s de 30 a\u00f1os y una crianza de 2 a\u00f1os en barrica y 1 en botella.","og_url":"https:\/\/www.bodegasubide.com\/producto\/senorio-de-mendieta-reserva\/","og_site_name":"Bodegas Ubide","article_modified_time":"2026-01-09T11:58:35+00:00","og_image":[{"width":1707,"height":2560,"url":"https:\/\/www.bodegasubide.com\/wp-content\/uploads\/2025\/06\/MENDIETA-RESERVA-scaled.png","type":"image\/png"}],"twitter_card":"summary_large_image","twitter_misc":{"Est. reading time":"1 minute"},"schema":{"@context":"https:\/\/schema.org","@graph":[{"@type":"WebPage","@id":"https:\/\/www.bodegasubide.com\/producto\/senorio-de-mendieta-reserva\/","url":"https:\/\/www.bodegasubide.com\/producto\/senorio-de-mendieta-reserva\/","name":"Ubide Reserva | Vino Reserva de Rioja Alavesa","isPartOf":{"@id":"https:\/\/www.bodegasubide.com\/#website"},"primaryImageOfPage":{"@id":"https:\/\/www.bodegasubide.com\/producto\/senorio-de-mendieta-reserva\/#primaryimage"},"image":{"@id":"https:\/\/www.bodegasubide.com\/producto\/senorio-de-mendieta-reserva\/#primaryimage"},"thumbnailUrl":"https:\/\/www.bodegasubide.com\/wp-content\/uploads\/2025\/06\/MENDIETA-RESERVA-scaled.png","datePublished":"2025-06-11T12:05:38+00:00","dateModified":"2026-01-09T11:58:35+00:00","description":"Descubre Ubide Reserva, un vino de Rioja Alavesa elaborado con uvas de vi\u00f1edos de m\u00e1s de 30 a\u00f1os y una crianza de 2 a\u00f1os en barrica y 1 en botella.","breadcrumb":{"@id":"https:\/\/www.bodegasubide.com\/producto\/senorio-de-mendieta-reserva\/#breadcrumb"},"inLanguage":"en-US","potentialAction":[{"@type":"ReadAction","target":["https:\/\/www.bodegasubide.com\/producto\/senorio-de-mendieta-reserva\/"]}]},{"@type":"ImageObject","inLanguage":"en-US","@id":"https:\/\/www.bodegasubide.com\/producto\/senorio-de-mendieta-reserva\/#primaryimage","url":"https:\/\/www.bodegasubide.com\/wp-content\/uploads\/2025\/06\/MENDIETA-RESERVA-scaled.png","contentUrl":"https:\/\/www.bodegasubide.com\/wp-content\/uploads\/2025\/06\/MENDIETA-RESERVA-scaled.png","width":1707,"height":2560,"caption":"Mendieta Reserva"},{"@type":"BreadcrumbList","@id":"https:\/\/www.bodegasubide.com\/producto\/senorio-de-mendieta-reserva\/#breadcrumb","itemListElement":[{"@type":"ListItem","position":1,"name":"Portada","item":"https:\/\/www.bodegasubide.com\/en\/home\/"},{"@type":"ListItem","position":2,"name":"Tienda","item":"https:\/\/www.bodegasubide.com\/tienda\/"},{"@type":"ListItem","position":3,"name":"Se\u00f1or\u00edo de Mendieta Reserva &#8211; caja 6 bot."}]},{"@type":"WebSite","@id":"https:\/\/www.bodegasubide.com\/#website","url":"https:\/\/www.bodegasubide.com\/","name":"Bodegas Ubide","description":"D.O. Rioja Alavesa","publisher":{"@id":"https:\/\/www.bodegasubide.com\/#organization"},"potentialAction":[{"@type":"SearchAction","target":{"@type":"EntryPoint","urlTemplate":"https:\/\/www.bodegasubide.com\/?s={search_term_string}"},"query-input":{"@type":"PropertyValueSpecification","valueRequired":true,"valueName":"search_term_string"}}],"inLanguage":"en-US"},{"@type":"Organization","@id":"https:\/\/www.bodegasubide.com\/#organization","name":"Bodegas Ubide","url":"https:\/\/www.bodegasubide.com\/","logo":{"@type":"ImageObject","inLanguage":"en-US","@id":"https:\/\/www.bodegasubide.com\/#\/schema\/logo\/image\/","url":"https:\/\/www.bodegasubide.com\/wp-content\/uploads\/2025\/09\/LOGO-UBIDE-PEQUENO.png","contentUrl":"https:\/\/www.bodegasubide.com\/wp-content\/uploads\/2025\/09\/LOGO-UBIDE-PEQUENO.png","width":150,"height":150,"caption":"Bodegas Ubide"},"image":{"@id":"https:\/\/www.bodegasubide.com\/#\/schema\/logo\/image\/"}}]}},"_links":{"self":[{"href":"https:\/\/www.bodegasubide.com\/en\/wp-json\/wp\/v2\/product\/4243","targetHints":{"allow":["GET"]}}],"collection":[{"href":"https:\/\/www.bodegasubide.com\/en\/wp-json\/wp\/v2\/product"}],"about":[{"href":"https:\/\/www.bodegasubide.com\/en\/wp-json\/wp\/v2\/types\/product"}],"replies":[{"embeddable":true,"href":"https:\/\/www.bodegasubide.com\/en\/wp-json\/wp\/v2\/comments?post=4243"}],"wp:featuredmedia":[{"embeddable":true,"href":"https:\/\/www.bodegasubide.com\/en\/wp-json\/wp\/v2\/media\/4260"}],"wp:attachment":[{"href":"https:\/\/www.bodegasubide.com\/en\/wp-json\/wp\/v2\/media?parent=4243"}],"wp:term":[{"taxonomy":"product_brand","embeddable":true,"href":"https:\/\/www.bodegasubide.com\/en\/wp-json\/wp\/v2\/product_brand?post=4243"},{"taxonomy":"product_cat","embeddable":true,"href":"https:\/\/www.bodegasubide.com\/en\/wp-json\/wp\/v2\/product_cat?post=4243"},{"taxonomy":"product_tag","embeddable":true,"href":"https:\/\/www.bodegasubide.com\/en\/wp-json\/wp\/v2\/product_tag?post=4243"}],"curies":[{"name":"wp","href":"https:\/\/api.w.org\/{rel}","templated":true}]}}