{"id":4242,"date":"2025-06-11T14:05:38","date_gmt":"2025-06-11T12:05:38","guid":{"rendered":"https:\/\/www.bodegasubide.com\/?post_type=product&#038;p=4242"},"modified":"2026-01-09T12:50:56","modified_gmt":"2026-01-09T11:50:56","slug":"ubide-mar","status":"publish","type":"product","link":"https:\/\/www.bodegasubide.com\/en\/producto\/ubide-mar\/","title":{"rendered":"Ubide Mar &#8211; caja 6 bot."},"content":{"rendered":"<div class=\"w-iconbox iconpos_left style_default color_primary align_left no_text\">\n<div class=\"w-iconbox-meta\">\n<p data-start=\"480\" data-end=\"816\"><strong data-start=\"480\" data-end=\"495\">Elaboraci\u00f3n<\/strong><br data-start=\"495\" data-end=\"498\" \/>Este vino blanco nace de la vendimia en su punto \u00f3ptimo de madurez de la variedad Viura, con peque\u00f1as aportaciones de Malvas\u00eda. Tras la recolecci\u00f3n, se inicia una fermentaci\u00f3n lenta en bodega, a temperatura controlada, que permite conservar toda la expresi\u00f3n arom\u00e1tica de la uva y lograr un perfil fresco y elegante.<\/p>\n<p data-start=\"818\" data-end=\"837\"><strong data-start=\"818\" data-end=\"835\">Notas de cata<\/strong><\/p>\n<ul data-start=\"838\" data-end=\"1207\">\n<li data-start=\"838\" data-end=\"927\">\n<p data-start=\"840\" data-end=\"927\"><strong data-start=\"840\" data-end=\"850\">Vista:<\/strong> Color amarillo p\u00e1lido con ribetes verdosos y acerados, limpio y brillante.<\/p>\n<\/li>\n<li data-start=\"928\" data-end=\"1035\">\n<p data-start=\"930\" data-end=\"1035\"><strong data-start=\"930\" data-end=\"940\">Nariz:<\/strong> Aromas intensos y francos, dominados por notas frutales con recuerdos c\u00edtricos y tropicales.<\/p>\n<\/li>\n<li data-start=\"1036\" data-end=\"1207\">\n<p data-start=\"1038\" data-end=\"1207\"><strong data-start=\"1038\" data-end=\"1047\">Boca:<\/strong> Amplio en matices, con acidez equilibrada que aporta un frescor muy agradable. El final de boca es sugerente y persistente, con un marcado car\u00e1cter tropical.<\/p>\n<\/li>\n<\/ul>\n<p data-start=\"1209\" data-end=\"1441\"><strong data-start=\"1209\" data-end=\"1221\">Maridaje<\/strong><br data-start=\"1221\" data-end=\"1224\" \/>El <strong data-start=\"1227\" data-end=\"1252\">Ubide Mar Blanco Seco<\/strong> es un compa\u00f1ero perfecto para pescados y mariscos, sopas ligeras, cremas suaves y quesos de pasta blanca. Tambi\u00e9n resulta ideal como vino de aperitivo, gracias a su frescura y vivacidad.<\/p>\n<p data-start=\"1443\" data-end=\"1598\"><strong data-start=\"1443\" data-end=\"1470\">Temperatura de servicio<\/strong><br data-start=\"1470\" data-end=\"1473\" \/>Se recomienda disfrutarlo bien fr\u00edo, a una temperatura aproximada de <strong data-start=\"1542\" data-end=\"1550\">8 \u00baC<\/strong>, para resaltar su frescura y aromas frutales.<\/p>\n<\/div>\n<\/div>\n","protected":false},"excerpt":{"rendered":"<p><strong data-start=\"241\" data-end=\"266\">Ubide Mar<\/strong>\u00a0es un vino fresco y arom\u00e1tico, con notas c\u00edtricas y tropicales. Ligero y equilibrado, ideal para disfrutar con mariscos, pescados o como aperitivo.<\/p>\n","protected":false},"featured_media":4257,"comment_status":"open","ping_status":"closed","template":"","meta":{"_acf_changed":false},"product_brand":[],"product_cat":[46,41],"product_tag":[],"class_list":{"0":"post-4242","1":"product","2":"type-product","3":"status-publish","4":"has-post-thumbnail","6":"product_cat-carrusel-inicio","7":"product_cat-joven","9":"first","10":"instock","11":"sale","12":"featured","13":"shipping-taxable","14":"purchasable","15":"product-type-simple"},"acf":[],"yoast_head":"<!-- This site is optimized with the Yoast SEO plugin v27.4 - https:\/\/yoast.com\/product\/yoast-seo-wordpress\/ -->\n<title>Ubide Mar<\/title>\n<meta name=\"description\" content=\"Descubre Ubide Mar, un vino fresco y equilibrado con notas c\u00edtricas y tropicales. Ideal para mariscos, pescados y aperitivos.\" \/>\n<meta name=\"robots\" content=\"index, follow, max-snippet:-1, max-image-preview:large, max-video-preview:-1\" \/>\n<link rel=\"canonical\" href=\"https:\/\/www.bodegasubide.com\/producto\/ubide-mar\/\" \/>\n<meta property=\"og:locale\" content=\"en_US\" \/>\n<meta property=\"og:type\" content=\"article\" \/>\n<meta property=\"og:title\" content=\"Ubide Mar\" \/>\n<meta property=\"og:description\" content=\"Descubre Ubide Mar, un vino fresco y equilibrado con notas c\u00edtricas y tropicales. Ideal para mariscos, pescados y aperitivos.\" \/>\n<meta property=\"og:url\" content=\"https:\/\/www.bodegasubide.com\/producto\/ubide-mar\/\" \/>\n<meta property=\"og:site_name\" content=\"Bodegas Ubide\" \/>\n<meta property=\"article:modified_time\" content=\"2026-01-09T11:50:56+00:00\" \/>\n<meta property=\"og:image\" content=\"https:\/\/www.bodegasubide.com\/wp-content\/uploads\/2025\/06\/MAR-SIN-FONDO-scaled.png\" \/>\n\t<meta property=\"og:image:width\" content=\"1707\" \/>\n\t<meta property=\"og:image:height\" content=\"2560\" \/>\n\t<meta property=\"og:image:type\" content=\"image\/png\" \/>\n<meta name=\"twitter:card\" content=\"summary_large_image\" \/>\n<meta name=\"twitter:label1\" content=\"Est. reading time\" \/>\n\t<meta name=\"twitter:data1\" content=\"1 minute\" \/>\n<script type=\"application\/ld+json\" class=\"yoast-schema-graph\">{\"@context\":\"https:\\\/\\\/schema.org\",\"@graph\":[{\"@type\":\"WebPage\",\"@id\":\"https:\\\/\\\/www.bodegasubide.com\\\/producto\\\/ubide-mar\\\/\",\"url\":\"https:\\\/\\\/www.bodegasubide.com\\\/producto\\\/ubide-mar\\\/\",\"name\":\"Ubide Mar\",\"isPartOf\":{\"@id\":\"https:\\\/\\\/www.bodegasubide.com\\\/#website\"},\"primaryImageOfPage\":{\"@id\":\"https:\\\/\\\/www.bodegasubide.com\\\/producto\\\/ubide-mar\\\/#primaryimage\"},\"image\":{\"@id\":\"https:\\\/\\\/www.bodegasubide.com\\\/producto\\\/ubide-mar\\\/#primaryimage\"},\"thumbnailUrl\":\"https:\\\/\\\/www.bodegasubide.com\\\/wp-content\\\/uploads\\\/2025\\\/06\\\/MAR-SIN-FONDO-scaled.png\",\"datePublished\":\"2025-06-11T12:05:38+00:00\",\"dateModified\":\"2026-01-09T11:50:56+00:00\",\"description\":\"Descubre Ubide Mar, un vino fresco y equilibrado con notas c\u00edtricas y tropicales. Ideal para mariscos, pescados y aperitivos.\",\"breadcrumb\":{\"@id\":\"https:\\\/\\\/www.bodegasubide.com\\\/producto\\\/ubide-mar\\\/#breadcrumb\"},\"inLanguage\":\"en-US\",\"potentialAction\":[{\"@type\":\"ReadAction\",\"target\":[\"https:\\\/\\\/www.bodegasubide.com\\\/producto\\\/ubide-mar\\\/\"]}]},{\"@type\":\"ImageObject\",\"inLanguage\":\"en-US\",\"@id\":\"https:\\\/\\\/www.bodegasubide.com\\\/producto\\\/ubide-mar\\\/#primaryimage\",\"url\":\"https:\\\/\\\/www.bodegasubide.com\\\/wp-content\\\/uploads\\\/2025\\\/06\\\/MAR-SIN-FONDO-scaled.png\",\"contentUrl\":\"https:\\\/\\\/www.bodegasubide.com\\\/wp-content\\\/uploads\\\/2025\\\/06\\\/MAR-SIN-FONDO-scaled.png\",\"width\":1707,\"height\":2560,\"caption\":\"Ubide Mar\"},{\"@type\":\"BreadcrumbList\",\"@id\":\"https:\\\/\\\/www.bodegasubide.com\\\/producto\\\/ubide-mar\\\/#breadcrumb\",\"itemListElement\":[{\"@type\":\"ListItem\",\"position\":1,\"name\":\"Portada\",\"item\":\"https:\\\/\\\/www.bodegasubide.com\\\/en\\\/home\\\/\"},{\"@type\":\"ListItem\",\"position\":2,\"name\":\"Tienda\",\"item\":\"https:\\\/\\\/www.bodegasubide.com\\\/tienda\\\/\"},{\"@type\":\"ListItem\",\"position\":3,\"name\":\"Ubide Mar &#8211; caja 6 bot.\"}]},{\"@type\":\"WebSite\",\"@id\":\"https:\\\/\\\/www.bodegasubide.com\\\/#website\",\"url\":\"https:\\\/\\\/www.bodegasubide.com\\\/\",\"name\":\"Bodegas Ubide\",\"description\":\"D.O. Rioja Alavesa\",\"publisher\":{\"@id\":\"https:\\\/\\\/www.bodegasubide.com\\\/#organization\"},\"potentialAction\":[{\"@type\":\"SearchAction\",\"target\":{\"@type\":\"EntryPoint\",\"urlTemplate\":\"https:\\\/\\\/www.bodegasubide.com\\\/?s={search_term_string}\"},\"query-input\":{\"@type\":\"PropertyValueSpecification\",\"valueRequired\":true,\"valueName\":\"search_term_string\"}}],\"inLanguage\":\"en-US\"},{\"@type\":\"Organization\",\"@id\":\"https:\\\/\\\/www.bodegasubide.com\\\/#organization\",\"name\":\"Bodegas Ubide\",\"url\":\"https:\\\/\\\/www.bodegasubide.com\\\/\",\"logo\":{\"@type\":\"ImageObject\",\"inLanguage\":\"en-US\",\"@id\":\"https:\\\/\\\/www.bodegasubide.com\\\/#\\\/schema\\\/logo\\\/image\\\/\",\"url\":\"https:\\\/\\\/www.bodegasubide.com\\\/wp-content\\\/uploads\\\/2025\\\/09\\\/LOGO-UBIDE-PEQUENO.png\",\"contentUrl\":\"https:\\\/\\\/www.bodegasubide.com\\\/wp-content\\\/uploads\\\/2025\\\/09\\\/LOGO-UBIDE-PEQUENO.png\",\"width\":150,\"height\":150,\"caption\":\"Bodegas Ubide\"},\"image\":{\"@id\":\"https:\\\/\\\/www.bodegasubide.com\\\/#\\\/schema\\\/logo\\\/image\\\/\"}}]}<\/script>\n<!-- \/ Yoast SEO plugin. -->","yoast_head_json":{"title":"Ubide Mar","description":"Descubre Ubide Mar, un vino fresco y equilibrado con notas c\u00edtricas y tropicales. Ideal para mariscos, pescados y aperitivos.","robots":{"index":"index","follow":"follow","max-snippet":"max-snippet:-1","max-image-preview":"max-image-preview:large","max-video-preview":"max-video-preview:-1"},"canonical":"https:\/\/www.bodegasubide.com\/producto\/ubide-mar\/","og_locale":"en_US","og_type":"article","og_title":"Ubide Mar","og_description":"Descubre Ubide Mar, un vino fresco y equilibrado con notas c\u00edtricas y tropicales. Ideal para mariscos, pescados y aperitivos.","og_url":"https:\/\/www.bodegasubide.com\/producto\/ubide-mar\/","og_site_name":"Bodegas Ubide","article_modified_time":"2026-01-09T11:50:56+00:00","og_image":[{"width":1707,"height":2560,"url":"https:\/\/www.bodegasubide.com\/wp-content\/uploads\/2025\/06\/MAR-SIN-FONDO-scaled.png","type":"image\/png"}],"twitter_card":"summary_large_image","twitter_misc":{"Est. reading time":"1 minute"},"schema":{"@context":"https:\/\/schema.org","@graph":[{"@type":"WebPage","@id":"https:\/\/www.bodegasubide.com\/producto\/ubide-mar\/","url":"https:\/\/www.bodegasubide.com\/producto\/ubide-mar\/","name":"Ubide Mar","isPartOf":{"@id":"https:\/\/www.bodegasubide.com\/#website"},"primaryImageOfPage":{"@id":"https:\/\/www.bodegasubide.com\/producto\/ubide-mar\/#primaryimage"},"image":{"@id":"https:\/\/www.bodegasubide.com\/producto\/ubide-mar\/#primaryimage"},"thumbnailUrl":"https:\/\/www.bodegasubide.com\/wp-content\/uploads\/2025\/06\/MAR-SIN-FONDO-scaled.png","datePublished":"2025-06-11T12:05:38+00:00","dateModified":"2026-01-09T11:50:56+00:00","description":"Descubre Ubide Mar, un vino fresco y equilibrado con notas c\u00edtricas y tropicales. Ideal para mariscos, pescados y aperitivos.","breadcrumb":{"@id":"https:\/\/www.bodegasubide.com\/producto\/ubide-mar\/#breadcrumb"},"inLanguage":"en-US","potentialAction":[{"@type":"ReadAction","target":["https:\/\/www.bodegasubide.com\/producto\/ubide-mar\/"]}]},{"@type":"ImageObject","inLanguage":"en-US","@id":"https:\/\/www.bodegasubide.com\/producto\/ubide-mar\/#primaryimage","url":"https:\/\/www.bodegasubide.com\/wp-content\/uploads\/2025\/06\/MAR-SIN-FONDO-scaled.png","contentUrl":"https:\/\/www.bodegasubide.com\/wp-content\/uploads\/2025\/06\/MAR-SIN-FONDO-scaled.png","width":1707,"height":2560,"caption":"Ubide Mar"},{"@type":"BreadcrumbList","@id":"https:\/\/www.bodegasubide.com\/producto\/ubide-mar\/#breadcrumb","itemListElement":[{"@type":"ListItem","position":1,"name":"Portada","item":"https:\/\/www.bodegasubide.com\/en\/home\/"},{"@type":"ListItem","position":2,"name":"Tienda","item":"https:\/\/www.bodegasubide.com\/tienda\/"},{"@type":"ListItem","position":3,"name":"Ubide Mar &#8211; caja 6 bot."}]},{"@type":"WebSite","@id":"https:\/\/www.bodegasubide.com\/#website","url":"https:\/\/www.bodegasubide.com\/","name":"Bodegas Ubide","description":"D.O. Rioja Alavesa","publisher":{"@id":"https:\/\/www.bodegasubide.com\/#organization"},"potentialAction":[{"@type":"SearchAction","target":{"@type":"EntryPoint","urlTemplate":"https:\/\/www.bodegasubide.com\/?s={search_term_string}"},"query-input":{"@type":"PropertyValueSpecification","valueRequired":true,"valueName":"search_term_string"}}],"inLanguage":"en-US"},{"@type":"Organization","@id":"https:\/\/www.bodegasubide.com\/#organization","name":"Bodegas Ubide","url":"https:\/\/www.bodegasubide.com\/","logo":{"@type":"ImageObject","inLanguage":"en-US","@id":"https:\/\/www.bodegasubide.com\/#\/schema\/logo\/image\/","url":"https:\/\/www.bodegasubide.com\/wp-content\/uploads\/2025\/09\/LOGO-UBIDE-PEQUENO.png","contentUrl":"https:\/\/www.bodegasubide.com\/wp-content\/uploads\/2025\/09\/LOGO-UBIDE-PEQUENO.png","width":150,"height":150,"caption":"Bodegas Ubide"},"image":{"@id":"https:\/\/www.bodegasubide.com\/#\/schema\/logo\/image\/"}}]}},"_links":{"self":[{"href":"https:\/\/www.bodegasubide.com\/en\/wp-json\/wp\/v2\/product\/4242","targetHints":{"allow":["GET"]}}],"collection":[{"href":"https:\/\/www.bodegasubide.com\/en\/wp-json\/wp\/v2\/product"}],"about":[{"href":"https:\/\/www.bodegasubide.com\/en\/wp-json\/wp\/v2\/types\/product"}],"replies":[{"embeddable":true,"href":"https:\/\/www.bodegasubide.com\/en\/wp-json\/wp\/v2\/comments?post=4242"}],"wp:featuredmedia":[{"embeddable":true,"href":"https:\/\/www.bodegasubide.com\/en\/wp-json\/wp\/v2\/media\/4257"}],"wp:attachment":[{"href":"https:\/\/www.bodegasubide.com\/en\/wp-json\/wp\/v2\/media?parent=4242"}],"wp:term":[{"taxonomy":"product_brand","embeddable":true,"href":"https:\/\/www.bodegasubide.com\/en\/wp-json\/wp\/v2\/product_brand?post=4242"},{"taxonomy":"product_cat","embeddable":true,"href":"https:\/\/www.bodegasubide.com\/en\/wp-json\/wp\/v2\/product_cat?post=4242"},{"taxonomy":"product_tag","embeddable":true,"href":"https:\/\/www.bodegasubide.com\/en\/wp-json\/wp\/v2\/product_tag?post=4242"}],"curies":[{"name":"wp","href":"https:\/\/api.w.org\/{rel}","templated":true}]}}