{"id":4239,"date":"2025-06-11T14:05:37","date_gmt":"2025-06-11T12:05:37","guid":{"rendered":"https:\/\/www.bodegasubide.com\/?post_type=product&#038;p=4239"},"modified":"2026-01-09T12:49:49","modified_gmt":"2026-01-09T11:49:49","slug":"ubide-tierra","status":"publish","type":"product","link":"https:\/\/www.bodegasubide.com\/en\/producto\/ubide-tierra\/","title":{"rendered":"Ubide Tierra &#8211; caja 6 bot."},"content":{"rendered":"<div class=\"w-iconbox iconpos_left style_default color_primary align_left no_text\">\n<div class=\"w-iconbox-meta\">\n<div class=\"w-iconbox iconpos_left style_default color_primary align_left no_text\">\n<div class=\"w-iconbox-meta\">\n<p data-start=\"696\" data-end=\"948\"><strong data-start=\"173\" data-end=\"188\">Elaboraci\u00f3n<\/strong><br \/>\nVendimiado a mediados de octubre, este vino crianza de Laguardia nace de una cuidada selecci\u00f3n de uvas <strong data-start=\"778\" data-end=\"793\">Tempranillo<\/strong> con peque\u00f1as aportaciones de <strong data-start=\"823\" data-end=\"835\">Graciano<\/strong>, procedentes exclusivamente de vi\u00f1edos de <strong data-start=\"878\" data-end=\"916\">m\u00e1s de cincuenta a\u00f1os en Laguardia<\/strong>, coraz\u00f3n de la Rioja Alavesa.<\/p>\n<p data-start=\"950\" data-end=\"1161\">Tras un meticuloso proceso de crianza en barricas de roble <strong data-start=\"1009\" data-end=\"1032\">franc\u00e9s y americano<\/strong> \u2014con predominio del primero\u2014, obtenemos un <strong data-start=\"1076\" data-end=\"1105\">Crianza de Alta Expresi\u00f3n<\/strong> que refleja la esencia y personalidad del territorio.<\/p>\n<p data-start=\"950\" data-end=\"1161\">Actualmente es el <strong data-start=\"1634\" data-end=\"1716\">\u00fanico Crianza del mercado con la denominaci\u00f3n \u201cVino de Municipio de Laguardia\u201d<\/strong>, un reconocimiento que garantiza que la totalidad de su uva procede de este enclave privilegiado, reflejando su autenticidad y su car\u00e1cter singular.<\/p>\n<p data-start=\"521\" data-end=\"540\"><strong data-start=\"521\" data-end=\"538\">Notas de cata<\/strong><\/p>\n<p data-start=\"521\" data-end=\"540\">De color <strong data-start=\"1172\" data-end=\"1217\">rojo picota intenso con reflejos granates<\/strong>, presenta una nariz potente con notas de <strong data-start=\"1259\" data-end=\"1292\">vainilla, tostados y especias<\/strong>, perfectamente integradas con la fruta madura. En boca muestra <strong data-start=\"1356\" data-end=\"1411\">estructura, equilibrio y taninos firmes y elegantes<\/strong>, ofreciendo una experiencia larga y expresiva.<\/p>\n<p data-start=\"1462\" data-end=\"1614\"><strong data-start=\"1073\" data-end=\"1085\">Maridaje<\/strong><\/p>\n<p data-start=\"1462\" data-end=\"1614\">Perfecto para acompa\u00f1ar <strong data-start=\"1486\" data-end=\"1565\">pescados azules, legumbres, asados, carnes rojas o blancas y quesos curados<\/strong>, servido a una temperatura ideal de <strong data-start=\"1602\" data-end=\"1611\">17 \u00b0C<\/strong>.<\/p>\n<p data-start=\"1462\" data-end=\"1614\"><strong>Temperatura de consumo<\/strong><\/p>\n<p data-start=\"1462\" data-end=\"1614\">Se recomienda degustar a una temperatura \u00f3ptima de 17\u00ba -18 \u00ba C.<\/p>\n<\/div>\n<\/div>\n<\/div>\n<\/div>\n","protected":false},"excerpt":{"rendered":"<div class=\"w-iconbox iconpos_left style_default color_primary align_left no_text\">\n<div class=\"w-iconbox-meta\">\n<p>Crianza de Alta Expresi\u00f3n elaborado con uvas Tempranillo y un toque de Graciano, procedentes exclusivamente de vi\u00f1edos de m\u00e1s de 50 a\u00f1os en Laguardia. Envejecido en barricas de roble franc\u00e9s y americano, destaca por su elegancia, equilibrio y car\u00e1cter \u00fanico como el <strong data-start=\"551\" data-end=\"622\">\u00fanico vino de municipio de Laguardia reconocido en la D.O.Ca. Rioja<\/strong>.<\/p>\n<\/div>\n<\/div>\n","protected":false},"featured_media":4248,"comment_status":"open","ping_status":"closed","template":"","meta":{"_acf_changed":false},"product_brand":[],"product_cat":[46,42],"product_tag":[],"class_list":{"0":"post-4239","1":"product","2":"type-product","3":"status-publish","4":"has-post-thumbnail","6":"product_cat-carrusel-inicio","7":"product_cat-crianza","9":"first","10":"instock","11":"sale","12":"featured","13":"shipping-taxable","14":"purchasable","15":"product-type-simple"},"acf":[],"yoast_head":"<!-- This site is optimized with the Yoast SEO plugin v27.4 - https:\/\/yoast.com\/product\/yoast-seo-wordpress\/ -->\n<title>Ubide Tierra | Vino Crianza de Laguardia | Bodegas Ubide<\/title>\n<meta name=\"description\" content=\"Ubide Tierra es un vino Crianza de Laguardia de Alta Expresi\u00f3n elaborado con uvas Tempranillo y Graciano de vi\u00f1edos de m\u00e1s de 50 a\u00f1os.\" \/>\n<meta name=\"robots\" content=\"index, follow, max-snippet:-1, max-image-preview:large, max-video-preview:-1\" \/>\n<link rel=\"canonical\" href=\"https:\/\/www.bodegasubide.com\/producto\/ubide-tierra\/\" \/>\n<meta property=\"og:locale\" content=\"en_US\" \/>\n<meta property=\"og:type\" content=\"article\" \/>\n<meta property=\"og:title\" content=\"Ubide Tierra | Vino Crianza de Laguardia | Bodegas Ubide\" \/>\n<meta property=\"og:description\" content=\"Ubide Tierra es un vino Crianza de Laguardia de Alta Expresi\u00f3n elaborado con uvas Tempranillo y Graciano de vi\u00f1edos de m\u00e1s de 50 a\u00f1os.\" \/>\n<meta property=\"og:url\" content=\"https:\/\/www.bodegasubide.com\/producto\/ubide-tierra\/\" \/>\n<meta property=\"og:site_name\" content=\"Bodegas Ubide\" \/>\n<meta property=\"article:modified_time\" content=\"2026-01-09T11:49:49+00:00\" \/>\n<meta property=\"og:image\" content=\"https:\/\/www.bodegasubide.com\/wp-content\/uploads\/2025\/06\/TIERRA-SIN-FONDO-1-scaled.png\" \/>\n\t<meta property=\"og:image:width\" content=\"1708\" \/>\n\t<meta property=\"og:image:height\" content=\"2560\" \/>\n\t<meta property=\"og:image:type\" content=\"image\/png\" \/>\n<meta name=\"twitter:card\" content=\"summary_large_image\" \/>\n<meta name=\"twitter:label1\" content=\"Est. reading time\" \/>\n\t<meta name=\"twitter:data1\" content=\"2 minutes\" \/>\n<script type=\"application\/ld+json\" class=\"yoast-schema-graph\">{\"@context\":\"https:\\\/\\\/schema.org\",\"@graph\":[{\"@type\":\"WebPage\",\"@id\":\"https:\\\/\\\/www.bodegasubide.com\\\/producto\\\/ubide-tierra\\\/\",\"url\":\"https:\\\/\\\/www.bodegasubide.com\\\/producto\\\/ubide-tierra\\\/\",\"name\":\"Ubide Tierra | Vino Crianza de Laguardia | Bodegas Ubide\",\"isPartOf\":{\"@id\":\"https:\\\/\\\/www.bodegasubide.com\\\/#website\"},\"primaryImageOfPage\":{\"@id\":\"https:\\\/\\\/www.bodegasubide.com\\\/producto\\\/ubide-tierra\\\/#primaryimage\"},\"image\":{\"@id\":\"https:\\\/\\\/www.bodegasubide.com\\\/producto\\\/ubide-tierra\\\/#primaryimage\"},\"thumbnailUrl\":\"https:\\\/\\\/www.bodegasubide.com\\\/wp-content\\\/uploads\\\/2025\\\/06\\\/TIERRA-SIN-FONDO-1-scaled.png\",\"datePublished\":\"2025-06-11T12:05:37+00:00\",\"dateModified\":\"2026-01-09T11:49:49+00:00\",\"description\":\"Ubide Tierra es un vino Crianza de Laguardia de Alta Expresi\u00f3n elaborado con uvas Tempranillo y Graciano de vi\u00f1edos de m\u00e1s de 50 a\u00f1os.\",\"breadcrumb\":{\"@id\":\"https:\\\/\\\/www.bodegasubide.com\\\/producto\\\/ubide-tierra\\\/#breadcrumb\"},\"inLanguage\":\"en-US\",\"potentialAction\":[{\"@type\":\"ReadAction\",\"target\":[\"https:\\\/\\\/www.bodegasubide.com\\\/producto\\\/ubide-tierra\\\/\"]}]},{\"@type\":\"ImageObject\",\"inLanguage\":\"en-US\",\"@id\":\"https:\\\/\\\/www.bodegasubide.com\\\/producto\\\/ubide-tierra\\\/#primaryimage\",\"url\":\"https:\\\/\\\/www.bodegasubide.com\\\/wp-content\\\/uploads\\\/2025\\\/06\\\/TIERRA-SIN-FONDO-1-scaled.png\",\"contentUrl\":\"https:\\\/\\\/www.bodegasubide.com\\\/wp-content\\\/uploads\\\/2025\\\/06\\\/TIERRA-SIN-FONDO-1-scaled.png\",\"width\":1708,\"height\":2560,\"caption\":\"Ubide Tierra\"},{\"@type\":\"BreadcrumbList\",\"@id\":\"https:\\\/\\\/www.bodegasubide.com\\\/producto\\\/ubide-tierra\\\/#breadcrumb\",\"itemListElement\":[{\"@type\":\"ListItem\",\"position\":1,\"name\":\"Portada\",\"item\":\"https:\\\/\\\/www.bodegasubide.com\\\/en\\\/home\\\/\"},{\"@type\":\"ListItem\",\"position\":2,\"name\":\"Tienda\",\"item\":\"https:\\\/\\\/www.bodegasubide.com\\\/tienda\\\/\"},{\"@type\":\"ListItem\",\"position\":3,\"name\":\"Ubide Tierra &#8211; caja 6 bot.\"}]},{\"@type\":\"WebSite\",\"@id\":\"https:\\\/\\\/www.bodegasubide.com\\\/#website\",\"url\":\"https:\\\/\\\/www.bodegasubide.com\\\/\",\"name\":\"Bodegas Ubide\",\"description\":\"D.O. Rioja Alavesa\",\"publisher\":{\"@id\":\"https:\\\/\\\/www.bodegasubide.com\\\/#organization\"},\"potentialAction\":[{\"@type\":\"SearchAction\",\"target\":{\"@type\":\"EntryPoint\",\"urlTemplate\":\"https:\\\/\\\/www.bodegasubide.com\\\/?s={search_term_string}\"},\"query-input\":{\"@type\":\"PropertyValueSpecification\",\"valueRequired\":true,\"valueName\":\"search_term_string\"}}],\"inLanguage\":\"en-US\"},{\"@type\":\"Organization\",\"@id\":\"https:\\\/\\\/www.bodegasubide.com\\\/#organization\",\"name\":\"Bodegas Ubide\",\"url\":\"https:\\\/\\\/www.bodegasubide.com\\\/\",\"logo\":{\"@type\":\"ImageObject\",\"inLanguage\":\"en-US\",\"@id\":\"https:\\\/\\\/www.bodegasubide.com\\\/#\\\/schema\\\/logo\\\/image\\\/\",\"url\":\"https:\\\/\\\/www.bodegasubide.com\\\/wp-content\\\/uploads\\\/2025\\\/09\\\/LOGO-UBIDE-PEQUENO.png\",\"contentUrl\":\"https:\\\/\\\/www.bodegasubide.com\\\/wp-content\\\/uploads\\\/2025\\\/09\\\/LOGO-UBIDE-PEQUENO.png\",\"width\":150,\"height\":150,\"caption\":\"Bodegas Ubide\"},\"image\":{\"@id\":\"https:\\\/\\\/www.bodegasubide.com\\\/#\\\/schema\\\/logo\\\/image\\\/\"}}]}<\/script>\n<!-- \/ Yoast SEO plugin. -->","yoast_head_json":{"title":"Ubide Tierra | Vino Crianza de Laguardia | Bodegas Ubide","description":"Ubide Tierra es un vino Crianza de Laguardia de Alta Expresi\u00f3n elaborado con uvas Tempranillo y Graciano de vi\u00f1edos de m\u00e1s de 50 a\u00f1os.","robots":{"index":"index","follow":"follow","max-snippet":"max-snippet:-1","max-image-preview":"max-image-preview:large","max-video-preview":"max-video-preview:-1"},"canonical":"https:\/\/www.bodegasubide.com\/producto\/ubide-tierra\/","og_locale":"en_US","og_type":"article","og_title":"Ubide Tierra | Vino Crianza de Laguardia | Bodegas Ubide","og_description":"Ubide Tierra es un vino Crianza de Laguardia de Alta Expresi\u00f3n elaborado con uvas Tempranillo y Graciano de vi\u00f1edos de m\u00e1s de 50 a\u00f1os.","og_url":"https:\/\/www.bodegasubide.com\/producto\/ubide-tierra\/","og_site_name":"Bodegas Ubide","article_modified_time":"2026-01-09T11:49:49+00:00","og_image":[{"width":1708,"height":2560,"url":"https:\/\/www.bodegasubide.com\/wp-content\/uploads\/2025\/06\/TIERRA-SIN-FONDO-1-scaled.png","type":"image\/png"}],"twitter_card":"summary_large_image","twitter_misc":{"Est. reading time":"2 minutes"},"schema":{"@context":"https:\/\/schema.org","@graph":[{"@type":"WebPage","@id":"https:\/\/www.bodegasubide.com\/producto\/ubide-tierra\/","url":"https:\/\/www.bodegasubide.com\/producto\/ubide-tierra\/","name":"Ubide Tierra | Vino Crianza de Laguardia | Bodegas Ubide","isPartOf":{"@id":"https:\/\/www.bodegasubide.com\/#website"},"primaryImageOfPage":{"@id":"https:\/\/www.bodegasubide.com\/producto\/ubide-tierra\/#primaryimage"},"image":{"@id":"https:\/\/www.bodegasubide.com\/producto\/ubide-tierra\/#primaryimage"},"thumbnailUrl":"https:\/\/www.bodegasubide.com\/wp-content\/uploads\/2025\/06\/TIERRA-SIN-FONDO-1-scaled.png","datePublished":"2025-06-11T12:05:37+00:00","dateModified":"2026-01-09T11:49:49+00:00","description":"Ubide Tierra es un vino Crianza de Laguardia de Alta Expresi\u00f3n elaborado con uvas Tempranillo y Graciano de vi\u00f1edos de m\u00e1s de 50 a\u00f1os.","breadcrumb":{"@id":"https:\/\/www.bodegasubide.com\/producto\/ubide-tierra\/#breadcrumb"},"inLanguage":"en-US","potentialAction":[{"@type":"ReadAction","target":["https:\/\/www.bodegasubide.com\/producto\/ubide-tierra\/"]}]},{"@type":"ImageObject","inLanguage":"en-US","@id":"https:\/\/www.bodegasubide.com\/producto\/ubide-tierra\/#primaryimage","url":"https:\/\/www.bodegasubide.com\/wp-content\/uploads\/2025\/06\/TIERRA-SIN-FONDO-1-scaled.png","contentUrl":"https:\/\/www.bodegasubide.com\/wp-content\/uploads\/2025\/06\/TIERRA-SIN-FONDO-1-scaled.png","width":1708,"height":2560,"caption":"Ubide Tierra"},{"@type":"BreadcrumbList","@id":"https:\/\/www.bodegasubide.com\/producto\/ubide-tierra\/#breadcrumb","itemListElement":[{"@type":"ListItem","position":1,"name":"Portada","item":"https:\/\/www.bodegasubide.com\/en\/home\/"},{"@type":"ListItem","position":2,"name":"Tienda","item":"https:\/\/www.bodegasubide.com\/tienda\/"},{"@type":"ListItem","position":3,"name":"Ubide Tierra &#8211; caja 6 bot."}]},{"@type":"WebSite","@id":"https:\/\/www.bodegasubide.com\/#website","url":"https:\/\/www.bodegasubide.com\/","name":"Bodegas Ubide","description":"D.O. Rioja Alavesa","publisher":{"@id":"https:\/\/www.bodegasubide.com\/#organization"},"potentialAction":[{"@type":"SearchAction","target":{"@type":"EntryPoint","urlTemplate":"https:\/\/www.bodegasubide.com\/?s={search_term_string}"},"query-input":{"@type":"PropertyValueSpecification","valueRequired":true,"valueName":"search_term_string"}}],"inLanguage":"en-US"},{"@type":"Organization","@id":"https:\/\/www.bodegasubide.com\/#organization","name":"Bodegas Ubide","url":"https:\/\/www.bodegasubide.com\/","logo":{"@type":"ImageObject","inLanguage":"en-US","@id":"https:\/\/www.bodegasubide.com\/#\/schema\/logo\/image\/","url":"https:\/\/www.bodegasubide.com\/wp-content\/uploads\/2025\/09\/LOGO-UBIDE-PEQUENO.png","contentUrl":"https:\/\/www.bodegasubide.com\/wp-content\/uploads\/2025\/09\/LOGO-UBIDE-PEQUENO.png","width":150,"height":150,"caption":"Bodegas Ubide"},"image":{"@id":"https:\/\/www.bodegasubide.com\/#\/schema\/logo\/image\/"}}]}},"_links":{"self":[{"href":"https:\/\/www.bodegasubide.com\/en\/wp-json\/wp\/v2\/product\/4239","targetHints":{"allow":["GET"]}}],"collection":[{"href":"https:\/\/www.bodegasubide.com\/en\/wp-json\/wp\/v2\/product"}],"about":[{"href":"https:\/\/www.bodegasubide.com\/en\/wp-json\/wp\/v2\/types\/product"}],"replies":[{"embeddable":true,"href":"https:\/\/www.bodegasubide.com\/en\/wp-json\/wp\/v2\/comments?post=4239"}],"wp:featuredmedia":[{"embeddable":true,"href":"https:\/\/www.bodegasubide.com\/en\/wp-json\/wp\/v2\/media\/4248"}],"wp:attachment":[{"href":"https:\/\/www.bodegasubide.com\/en\/wp-json\/wp\/v2\/media?parent=4239"}],"wp:term":[{"taxonomy":"product_brand","embeddable":true,"href":"https:\/\/www.bodegasubide.com\/en\/wp-json\/wp\/v2\/product_brand?post=4239"},{"taxonomy":"product_cat","embeddable":true,"href":"https:\/\/www.bodegasubide.com\/en\/wp-json\/wp\/v2\/product_cat?post=4239"},{"taxonomy":"product_tag","embeddable":true,"href":"https:\/\/www.bodegasubide.com\/en\/wp-json\/wp\/v2\/product_tag?post=4239"}],"curies":[{"name":"wp","href":"https:\/\/api.w.org\/{rel}","templated":true}]}}